{"id":14,"date":"2018-10-08T08:47:37","date_gmt":"2018-10-08T08:47:37","guid":{"rendered":"https:\/\/themepalacedemo.com\/pleased-pro\/?page_id=14"},"modified":"2024-04-25T15:08:49","modified_gmt":"2024-04-25T21:08:49","slug":"home","status":"publish","type":"page","link":"https:\/\/gnbvallarta.com\/tours\/","title":{"rendered":"Home"},"content":{"rendered":"\t\t<div data-elementor-type=\"wp-page\" data-elementor-id=\"14\" class=\"elementor elementor-14\">\n\t\t\t\t\t\t<section class=\"elementor-section elementor-top-section elementor-element elementor-element-66eebec elementor-section-boxed elementor-section-height-default elementor-section-height-default\" data-id=\"66eebec\" data-element_type=\"section\">\n\t\t\t\t\t\t<div class=\"elementor-container elementor-column-gap-default\">\n\t\t\t\t\t<div class=\"elementor-column elementor-col-100 elementor-top-column elementor-element elementor-element-e0b39c1\" data-id=\"e0b39c1\" data-element_type=\"column\">\n\t\t\t<div class=\"elementor-widget-wrap elementor-element-populated\">\n\t\t\t\t\t\t<div class=\"elementor-element elementor-element-bb17f33 elementor-widget elementor-widget-html\" data-id=\"bb17f33\" data-element_type=\"widget\" data-widget_type=\"html.default\">\n\t\t\t\t<div class=\"elementor-widget-container\">\n\t\t\t\t\t<div style=\"position: absolute; left: -22306px\">\n  <h2>Zapraszamy do naszego casino internetowego w Holandii<\/h2>\n  <p>\n    gdzie czeka na Ciebie bogata oferta gier, atrakcyjne bonusy i profesjonalna\n    obs\u0142uga klienta. Nasze kasyno jest dost\u0119pne dla graczy z Polski, zapewniaj\u0105c\n    niezapomniane emocje i mn\u00f3stwo rozrywki.\n  <\/p>\n\n  <p>\n    Do\u0142\u0105cz do nas ju\u017c teraz i odkryj \u015bwiat hazardu w\n    <a href=\"https:\/\/www.pimpampom.nl\/\">Casino internetowym w Holandii<\/a>. Graj\n    w ulubione sloty, wygrywaj przy sto\u0142ach do gry i korzystaj z ekskluzywnych\n    promocji. Nie zwlekaj, a mo\u017ce w\u0142a\u015bnie Ty b\u0119dziesz naszym nast\u0119pnym\n    szcz\u0119\u015bliwym zwyci\u0119zc\u0105!\n  <\/p>\n<\/div>\t\t\t\t<\/div>\n\t\t\t\t<\/div>\n\t\t\t\t\t<\/div>\n\t\t<\/div>\n\t\t\t\t\t<\/div>\n\t\t<\/section>\n\t\t\t\t<\/div>\n\t\t","protected":false},"excerpt":{"rendered":"<p>Zapraszamy do naszego casino internetowego w Holandii gdzie czeka na Ciebie bogata oferta gier, atrakcyjne bonusy i profesjonalna obs\u0142uga klienta. Nasze kasyno jest dost\u0119pne dlaTour Details<\/p>\n","protected":false},"author":1,"featured_media":0,"parent":0,"menu_order":0,"comment_status":"closed","ping_status":"closed","template":"","meta":{"footnotes":""},"class_list":["post-14","page","type-page","status-publish","hentry"],"_links":{"self":[{"href":"https:\/\/gnbvallarta.com\/tours\/wp-json\/wp\/v2\/pages\/14","targetHints":{"allow":["GET"]}}],"collection":[{"href":"https:\/\/gnbvallarta.com\/tours\/wp-json\/wp\/v2\/pages"}],"about":[{"href":"https:\/\/gnbvallarta.com\/tours\/wp-json\/wp\/v2\/types\/page"}],"author":[{"embeddable":true,"href":"https:\/\/gnbvallarta.com\/tours\/wp-json\/wp\/v2\/users\/1"}],"replies":[{"embeddable":true,"href":"https:\/\/gnbvallarta.com\/tours\/wp-json\/wp\/v2\/comments?post=14"}],"version-history":[{"count":4,"href":"https:\/\/gnbvallarta.com\/tours\/wp-json\/wp\/v2\/pages\/14\/revisions"}],"predecessor-version":[{"id":6082,"href":"https:\/\/gnbvallarta.com\/tours\/wp-json\/wp\/v2\/pages\/14\/revisions\/6082"}],"wp:attachment":[{"href":"https:\/\/gnbvallarta.com\/tours\/wp-json\/wp\/v2\/media?parent=14"}],"curies":[{"name":"wp","href":"https:\/\/api.w.org\/{rel}","templated":true}]}}