{"id":1470,"date":"2021-10-08T15:39:00","date_gmt":"2021-10-08T19:39:00","guid":{"rendered":"https:\/\/gnbvallarta.com\/tours\/?page_id=1470"},"modified":"2025-01-24T10:45:30","modified_gmt":"2025-01-24T16:45:30","slug":"arcos-animas-y-quimixto","status":"publish","type":"page","link":"https:\/\/gnbvallarta.com\/tours\/en\/arcos-animas-y-quimixto\/","title":{"rendered":"Arcos, Animas and Quimixto"},"content":{"rendered":"\t\t<div data-elementor-type=\"wp-page\" data-elementor-id=\"1470\" class=\"elementor elementor-1470\">\n\t\t\t\t\t\t<section class=\"elementor-section elementor-top-section elementor-element elementor-element-36a713f elementor-section-boxed elementor-section-height-default elementor-section-height-default\" data-id=\"36a713f\" data-element_type=\"section\">\n\t\t\t\t\t\t<div class=\"elementor-container elementor-column-gap-default\">\n\t\t\t\t\t<div class=\"elementor-column elementor-col-100 elementor-top-column elementor-element elementor-element-a3af81e\" data-id=\"a3af81e\" data-element_type=\"column\">\n\t\t\t<div class=\"elementor-widget-wrap elementor-element-populated\">\n\t\t\t\t\t\t<div class=\"elementor-element elementor-element-8bddaac elementor-widget elementor-widget-heading\" data-id=\"8bddaac\" data-element_type=\"widget\" data-widget_type=\"heading.default\">\n\t\t\t\t<div class=\"elementor-widget-container\">\n\t\t\t\t\t<h2 class=\"elementor-heading-title elementor-size-default\"><span style=\", sans-serif;letter-spacing: -0.8px;text-align: center\">Vive una experiencia totalmente fuera de la rutina en Arcos, \u00c1nimas &amp; Quimixto<\/span><\/h2>\t\t\t\t<\/div>\n\t\t\t\t<\/div>\n\t\t\t\t<div class=\"elementor-element elementor-element-c9b7d6e elementor-widget elementor-widget-text-editor\" data-id=\"c9b7d6e\" data-element_type=\"widget\" data-widget_type=\"text-editor.default\">\n\t\t\t\t<div class=\"elementor-widget-container\">\n\t\t\t\t\t\t\t\t\t<p style=\"text-align: center;\"><span style=\"font-family: 'PT Sans', sans-serif; font-size: 21px; letter-spacing: -0.8px; text-align: center; word-spacing: 5px;\">donde podr\u00e1 nadar, hacer snorkel, en Los Arcos de Mismaloya y despu\u00e9s relajarte en Playa Las \u00c1nimas o realizar senderismo hacia la cascada de Quimixto, un tour de 8 horas perfecto para aquellos que desean tener un equilibrio entre la aventura y el descanso.<\/span><\/p>\t\t\t\t\t\t\t\t<\/div>\n\t\t\t\t<\/div>\n\t\t\t\t<section class=\"elementor-section elementor-inner-section elementor-element elementor-element-01b7bf6 elementor-section-boxed elementor-section-height-default elementor-section-height-default\" data-id=\"01b7bf6\" data-element_type=\"section\">\n\t\t\t\t\t\t<div class=\"elementor-container elementor-column-gap-default\">\n\t\t\t\t\t<div class=\"elementor-column elementor-col-50 elementor-inner-column elementor-element elementor-element-663fbf2\" data-id=\"663fbf2\" data-element_type=\"column\">\n\t\t\t<div class=\"elementor-widget-wrap elementor-element-populated\">\n\t\t\t\t\t\t<div class=\"elementor-element elementor-element-5a0af93 elementor-invisible elementor-widget elementor-widget-text-editor\" data-id=\"5a0af93\" data-element_type=\"widget\" data-settings=\"{&quot;_animation&quot;:&quot;fadeIn&quot;}\" data-widget_type=\"text-editor.default\">\n\t\t\t\t<div class=\"elementor-widget-container\">\n\t\t\t\t\t\t\t\t\t<p><span style=\"font-family: Oxygen, sans-serif; font-size: 16px; letter-spacing: normal; text-align: start; word-spacing: 0px;\">Una hora antes de la hora de su salida, nuestro equipo le da la bienvenida en la terminal mar\u00edtima de Vallarta (API), unos 19 kil\u00f3metros al sur de Puerto Vallarta. Despu\u00e9s de hora y media de traves\u00eda llegamos a nuestro primer punto el Parque Nacional acu\u00e1tico de los Arcos de Mismaloya donde nos aventaremos un chapuz\u00f3n para hacer snorkel durante 25 minutos acompa\u00f1ados de nuestros gu\u00edas. De nuevo abordo y se abre la barra libre y continuamos el camino para el segundo punto La Playa de las Animas lugar de arena blanca, olas tranquilas y gente amable la cual te guiara a nuestro restaurante donde adem\u00e1s de camastros y sombrillas nos atender\u00e1n para nuestra comida o si lo que tu prefieres es conectar con la naturaleza, adentrar entre las monta\u00f1as para llegar a la cascada de Quimixto tambi\u00e9n lo puedes hacer solo recuerda que no disfrutar\u00e1s de la playa de las animas.<\/span><\/p>\t\t\t\t\t\t\t\t<\/div>\n\t\t\t\t<\/div>\n\t\t\t\t\t<\/div>\n\t\t<\/div>\n\t\t\t\t<div class=\"elementor-column elementor-col-50 elementor-inner-column elementor-element elementor-element-1bc49d2\" data-id=\"1bc49d2\" data-element_type=\"column\">\n\t\t\t<div class=\"elementor-widget-wrap elementor-element-populated\">\n\t\t\t\t\t\t<div class=\"elementor-element elementor-element-22731f9 elementor-widget elementor-widget-image\" data-id=\"22731f9\" data-element_type=\"widget\" data-widget_type=\"image.default\">\n\t\t\t\t<div class=\"elementor-widget-container\">\n\t\t\t\t\t\t\t\t\t\t\t\t\t\t\t<img fetchpriority=\"high\" decoding=\"async\" width=\"525\" height=\"394\" src=\"https:\/\/gnbvallarta.com\/tours\/wp-content\/uploads\/2023\/09\/AAQ-2021-4-600x450.jpg\" class=\"attachment-large size-large wp-image-5133\" alt=\"\" srcset=\"https:\/\/gnbvallarta.com\/tours\/wp-content\/uploads\/2023\/09\/AAQ-2021-4-600x450.jpg 600w, https:\/\/gnbvallarta.com\/tours\/wp-content\/uploads\/2023\/09\/AAQ-2021-4-300x225.jpg 300w, https:\/\/gnbvallarta.com\/tours\/wp-content\/uploads\/2023\/09\/AAQ-2021-4-768x576.jpg 768w, https:\/\/gnbvallarta.com\/tours\/wp-content\/uploads\/2023\/09\/AAQ-2021-4-1536x1152.jpg 1536w, https:\/\/gnbvallarta.com\/tours\/wp-content\/uploads\/2023\/09\/AAQ-2021-4-2048x1536.jpg 2048w, https:\/\/gnbvallarta.com\/tours\/wp-content\/uploads\/2023\/09\/AAQ-2021-4-1000x750.jpg 1000w\" sizes=\"(max-width: 525px) 100vw, 525px\" \/>\t\t\t\t\t\t\t\t\t\t\t\t\t\t\t<\/div>\n\t\t\t\t<\/div>\n\t\t\t\t<div class=\"elementor-element elementor-element-3e8c4ad elementor-widget elementor-widget-text-editor\" data-id=\"3e8c4ad\" data-element_type=\"widget\" data-widget_type=\"text-editor.default\">\n\t\t\t\t<div class=\"elementor-widget-container\">\n\t\t\t\t\t\t\t\t\t<p>Lorem ipsum dolor sit amet, consectetur adipiscing elit. Ut elit tellus, luctus nec ullamcorper mattis, pulvinar dapibus leo.<\/p>\t\t\t\t\t\t\t\t<\/div>\n\t\t\t\t<\/div>\n\t\t\t\t\t<\/div>\n\t\t<\/div>\n\t\t\t\t\t<\/div>\n\t\t<\/section>\n\t\t\t\t<div class=\"elementor-element elementor-element-483ba40 elementor-widget elementor-widget-heading\" data-id=\"483ba40\" data-element_type=\"widget\" data-widget_type=\"heading.default\">\n\t\t\t\t<div class=\"elementor-widget-container\">\n\t\t\t\t\t<h2 class=\"elementor-heading-title elementor-size-default\"><span style=\"font-family: Oxygen, sans-serif;font-size: 37px;letter-spacing: 1px;text-align: center\">\u00bfQu\u00e9 es lo que incluye este tour?<\/span><\/h2>\t\t\t\t<\/div>\n\t\t\t\t<\/div>\n\t\t\t\t<div class=\"elementor-element elementor-element-c75e4e9 elementor-widget elementor-widget-text-editor\" data-id=\"c75e4e9\" data-element_type=\"widget\" data-widget_type=\"text-editor.default\">\n\t\t\t\t<div class=\"elementor-widget-container\">\n\t\t\t\t\t\t\t\t\t<ul><li><img decoding=\"async\" class=\"emoji\" role=\"img\" draggable=\"false\" src=\"https:\/\/s.w.org\/images\/core\/emoji\/13.1.0\/svg\/1f93f.svg\" alt=\"\ud83e\udd3f\" \/>\u00a0Todo el equipo para las actividades acu\u00e1ticas. (chaleco salvavidas, m\u00e1scara y snorkel)<\/li><li><img decoding=\"async\" class=\"emoji\" role=\"img\" draggable=\"false\" src=\"https:\/\/s.w.org\/images\/core\/emoji\/13.1.0\/svg\/1f468-200d-2708-fe0f.svg\" alt=\"\ud83d\udc68\u200d\u2708\ufe0f\" \/>\u00a0Marineros, capit\u00e1n y gu\u00eda profesional.<\/li><li><img decoding=\"async\" class=\"emoji\" role=\"img\" draggable=\"false\" src=\"https:\/\/s.w.org\/images\/core\/emoji\/13.1.0\/svg\/1f373.svg\" alt=\"\ud83c\udf73\" \/>\u00a0Desayuno (Yogurt, fruta con Hot Kakes o Chilaquiles con huevo, ambas opciones acompa\u00f1adas de jugo)<\/li><li><img decoding=\"async\" class=\"emoji\" role=\"img\" draggable=\"false\" src=\"https:\/\/s.w.org\/images\/core\/emoji\/13.1.0\/svg\/1f969.svg\" alt=\"\ud83e\udd69\" \/>\u00a0Comida 1 elecci\u00f3n por persona (Fajitas de pollo, fajitas de res, filete de pescado, hamburguesa y quesadillas naturales)<\/li><li><img decoding=\"async\" class=\"emoji\" role=\"img\" draggable=\"false\" src=\"https:\/\/s.w.org\/images\/core\/emoji\/13.1.0\/svg\/1f942.svg\" alt=\"\ud83e\udd42\" \/>\u00a0Barra libre (Ron, vodka, tequila, cerveza y whisky)<\/li><\/ul><p><strong>QUE TRAER CON USTED<\/strong><\/p><ul><li>Traje de ba\u00f1o c\u00f3modo o ropa para el agua\u00a0<\/li><li>Cambio de ropa seca<\/li><li>Toalla para secarse<\/li><li>Protecci\u00f3n solar amigable con el planeta<\/li><\/ul>\t\t\t\t\t\t\t\t<\/div>\n\t\t\t\t<\/div>\n\t\t\t\t<div class=\"elementor-element elementor-element-7d5013a elementor-widget elementor-widget-heading\" data-id=\"7d5013a\" data-element_type=\"widget\" data-widget_type=\"heading.default\">\n\t\t\t\t<div class=\"elementor-widget-container\">\n\t\t\t\t\t<h2 class=\"elementor-heading-title elementor-size-default\"><span style=\"font-family: Oxygen, sans-serif;font-size: 37px;letter-spacing: 1px;text-align: center\">\u00bfQu\u00e9 es lo que incluye este tour?<\/span><\/h2>\t\t\t\t<\/div>\n\t\t\t\t<\/div>\n\t\t\t\t<div class=\"elementor-element elementor-element-88b08ce elementor-widget elementor-widget-text-editor\" data-id=\"88b08ce\" data-element_type=\"widget\" data-widget_type=\"text-editor.default\">\n\t\t\t\t<div class=\"elementor-widget-container\">\n\t\t\t\t\t\t\t\t\t<ul><li>El impuesto portuario ($33 pesos) no est\u00e1 inclu\u00eddo.<\/li><li>Por su seguridad y la de su beb\u00e9, no se permite el acceso a mujeres embarazadas.<\/li><li>\u00a0La propina no viene inclu\u00edda ni es obligatoria, es de su elecci\u00f3n gratificar el trabajo de nuestros trabajadores.<\/li><li>No incluye el paquete de fotograf\u00edas y videos<\/li><\/ul>\t\t\t\t\t\t\t\t<\/div>\n\t\t\t\t<\/div>\n\t\t\t\t<div class=\"elementor-element elementor-element-1b4b83f elementor-widget elementor-widget-heading\" data-id=\"1b4b83f\" data-element_type=\"widget\" data-widget_type=\"heading.default\">\n\t\t\t\t<div class=\"elementor-widget-container\">\n\t\t\t\t\t<h2 class=\"elementor-heading-title elementor-size-default\"><span style=\"font-family: Oxygen, sans-serif;font-size: 37px;letter-spacing: 1px;text-align: center\">Preguntas frecuentes<\/span><\/h2>\t\t\t\t<\/div>\n\t\t\t\t<\/div>\n\t\t\t\t<div class=\"elementor-element elementor-element-14fd538 elementor-widget elementor-widget-text-editor\" data-id=\"14fd538\" data-element_type=\"widget\" data-widget_type=\"text-editor.default\">\n\t\t\t\t<div class=\"elementor-widget-container\">\n\t\t\t\t\t\t\t\t\t<div><span style=\"color: #333399;\"><strong>\u00bfQu\u00e9 es Los Arcos de Mismaloya?<\/strong><\/span><\/div><div>Los Arcos de Mismaloya es una reserva natural conformado por grandes rocas en el mar que conforman peque\u00f1as cuevas donde hacemos la actividad de snorkel.<\/div><div><strong><span style=\"color: #333399;\">\u00bfEs necesario saber nadar?\u00a0<\/span><\/strong><\/div><div>Aunque nosotros les brindamos chaleco salvadidas, es importante saber nadar, ya que se adentran a cuevas donde la marea puede est\u00e1r alta e irse hacia las piedras que se encuentran en el interior de estas.<\/div><div><strong><span style=\"color: #333399;\">\u00bfIremos a Los Arcos de Mismaloya, playa las \u00e1nimas y Quimixto?<\/span><\/strong><\/div><div>Las primeras dos ubicaciones son las m\u00e1s importantes, ya que son donde har\u00e1s snorkel y te dar\u00e1n tu alimento, pero es importante mencionar que para ir a Quimixto, no es obligatorio para todos y es una opci\u00f3n que puedes elegir ir o no ir. Te explicar\u00e9 cu\u00e1l es la din\u00e1mica: Al llegar al pueblo, comienza el senderismo, una caminata de 45 minutos aproximadamente, al llegar al rio, tienes una estancia de 35 minutos aproximadamente donde podr\u00e1s tomarte una bebida del restaurante y tomar un descanso para descender. Debo recordarte que, para esta actividad opcional, deber\u00e1s tener buena condici\u00f3n.<br \/><strong><span style=\"color: #333399;\">\u00bfLas bebidas tambi\u00e9n incluyen en el restaurante de Las \u00c1nimas?<\/span><\/strong><\/div><div>\u00a0Ten por seguro que a bordo de la embarcaci\u00f3n, tendr\u00e1s todas las bebidas que ofrecemos completamente libre pero una vez bajandode la embarcaci\u00f3n las bebidas y alimentos extra, corren por su cuenta, esto con la finalidad de apoya la econom\u00eda de los locales resdiente de dichas playas.<span style=\"font-size: 1rem;\">\u00a0<\/span><\/div>\t\t\t\t\t\t\t\t<\/div>\n\t\t\t\t<\/div>\n\t\t\t\t<div class=\"elementor-element elementor-element-449e1d5 elementor-widget elementor-widget-heading\" data-id=\"449e1d5\" data-element_type=\"widget\" data-widget_type=\"heading.default\">\n\t\t\t\t<div class=\"elementor-widget-container\">\n\t\t\t\t\t<h2 class=\"elementor-heading-title elementor-size-default\"><span style=\"font-family: Oxygen, sans-serif;font-size: 37px;letter-spacing: 1px;text-align: center\">Partimos desde esta ubicaci\u00f3n<\/span><\/h2>\t\t\t\t<\/div>\n\t\t\t\t<\/div>\n\t\t\t\t<div class=\"elementor-element elementor-element-686f102 elementor-widget elementor-widget-google_maps\" data-id=\"686f102\" data-element_type=\"widget\" data-widget_type=\"google_maps.default\">\n\t\t\t\t<div class=\"elementor-widget-container\">\n\t\t\t\t\t\t\t<div class=\"elementor-custom-embed\">\n\t\t\t<iframe loading=\"lazy\"\n\t\t\t\t\tsrc=\"https:\/\/maps.google.com\/maps?q=puerto%20magico&#038;t=m&#038;z=14&#038;output=embed&#038;iwloc=near\"\n\t\t\t\t\ttitle=\"puerto magico\"\n\t\t\t\t\taria-label=\"puerto magico\"\n\t\t\t><\/iframe>\n\t\t<\/div>\n\t\t\t\t\t\t<\/div>\n\t\t\t\t<\/div>\n\t\t\t\t<div class=\"elementor-element elementor-element-3cd6c82 elementor-widget elementor-widget-elementskit-pricing\" data-id=\"3cd6c82\" data-element_type=\"widget\" data-widget_type=\"elementskit-pricing.default\">\n\t\t\t\t<div class=\"elementor-widget-container\">\n\t\t\t\t\t<div class=\"ekit-wid-con\" >\n\n        <div class=\"elementskit-single-pricing \" >\n            <div class=\"elementskit-pricing-header \">\n\t\t\t\t\t\t\t\t\n\t\t\t\t                \t<h3\t\t\t\t\tclass=\" elementskit-pricing-title\">Tour Arcos, \u00c1nimas &amp; Quimixto\t\t\t\t\t<\/h3>\n\t\t\t\t\t\t\t\t            <\/div>\n\t\t\t            <div class=\" elementskit-pricing-price-wraper has-tag \">\n                <div class=\"elementskit-pricing-tag\"><\/div>\n                <span class=\"elementskit-pricing-price\">\n\t\t\t\t\t\t\t\t\t\t\t<sup class=\"currency\">mx<\/sup>\n\t\t\t\t\t\t\t\t\t\t<span>$1,400<\/span>\n\t\t\t\t\t\n\t\t\t\t\t\t\t\t\t\t<sub class=\"period\">for person<\/sub>\n\t\t\t\t\t\t\t\t\t<\/span>\n            <\/div>\n\t\t\t            <div class=\"elementskit-pricing-content \">\n\n                                    <p> -Breackfast\n-Food\n-Snorkel\n-Open bar on board\n-Certified guide<\/p>\n                                            <\/div>\n            <div class=\"elementskit-pricing-btn-wraper \">\n\t\t\t\t<a href=\"\" class=\"elementskit-pricing-btn  ekit-pricing-btn-icon-pos-\" >\n\t\t\t\t\tReserva ahora\t\t\t\t<\/a>\n            <\/div>\n        <\/div>\n\n    <\/div>\t\t\t\t<\/div>\n\t\t\t\t<\/div>\n\t\t\t\t\t<\/div>\n\t\t<\/div>\n\t\t\t\t\t<\/div>\n\t\t<\/section>\n\t\t\t\t<\/div>\n\t\t","protected":false},"excerpt":{"rendered":"<p>Vive una experiencia totalmente fuera de la rutina en Arcos, \u00c1nimas &amp; Quimixto donde podr\u00e1 nadar, hacer snorkel, en Los Arcos de Mismaloya y despu\u00e9sTour Details<\/p>\n","protected":false},"author":1,"featured_media":655,"parent":0,"menu_order":0,"comment_status":"closed","ping_status":"closed","template":"","meta":{"footnotes":""},"class_list":["post-1470","page","type-page","status-publish","has-post-thumbnail","hentry"],"_links":{"self":[{"href":"https:\/\/gnbvallarta.com\/tours\/wp-json\/wp\/v2\/pages\/1470","targetHints":{"allow":["GET"]}}],"collection":[{"href":"https:\/\/gnbvallarta.com\/tours\/wp-json\/wp\/v2\/pages"}],"about":[{"href":"https:\/\/gnbvallarta.com\/tours\/wp-json\/wp\/v2\/types\/page"}],"author":[{"embeddable":true,"href":"https:\/\/gnbvallarta.com\/tours\/wp-json\/wp\/v2\/users\/1"}],"replies":[{"embeddable":true,"href":"https:\/\/gnbvallarta.com\/tours\/wp-json\/wp\/v2\/comments?post=1470"}],"version-history":[{"count":25,"href":"https:\/\/gnbvallarta.com\/tours\/wp-json\/wp\/v2\/pages\/1470\/revisions"}],"predecessor-version":[{"id":6715,"href":"https:\/\/gnbvallarta.com\/tours\/wp-json\/wp\/v2\/pages\/1470\/revisions\/6715"}],"wp:featuredmedia":[{"embeddable":true,"href":"https:\/\/gnbvallarta.com\/tours\/wp-json\/wp\/v2\/media\/655"}],"wp:attachment":[{"href":"https:\/\/gnbvallarta.com\/tours\/wp-json\/wp\/v2\/media?parent=1470"}],"curies":[{"name":"wp","href":"https:\/\/api.w.org\/{rel}","templated":true}]}}