{"id":3839,"date":"2023-02-07T13:20:56","date_gmt":"2023-02-07T19:20:56","guid":{"rendered":"https:\/\/gnbvallarta.com\/tours\/?page_id=3839"},"modified":"2025-01-24T10:22:10","modified_gmt":"2025-01-24T16:22:10","slug":"yelapa-majahuitas-3","status":"publish","type":"page","link":"https:\/\/gnbvallarta.com\/tours\/yelapa-majahuitas-3\/","title":{"rendered":"Yelapa &#038; Majahuitas"},"content":{"rendered":"\t\t<div data-elementor-type=\"wp-page\" data-elementor-id=\"3839\" class=\"elementor elementor-3839\">\n\t\t\t\t\t\t<section class=\"elementor-section elementor-top-section elementor-element elementor-element-dc4a312 elementor-section-boxed elementor-section-height-default elementor-section-height-default\" data-id=\"dc4a312\" data-element_type=\"section\">\n\t\t\t\t\t\t<div class=\"elementor-container elementor-column-gap-default\">\n\t\t\t\t\t<div class=\"elementor-column elementor-col-100 elementor-top-column elementor-element elementor-element-328aa37\" data-id=\"328aa37\" data-element_type=\"column\">\n\t\t\t<div class=\"elementor-widget-wrap elementor-element-populated\">\n\t\t\t\t\t\t<div class=\"elementor-element elementor-element-f10eab8 elementor-invisible elementor-widget elementor-widget-text-editor\" data-id=\"f10eab8\" data-element_type=\"widget\" data-settings=\"{&quot;_animation&quot;:&quot;fadeIn&quot;}\" data-widget_type=\"text-editor.default\">\n\t\t\t\t<div class=\"elementor-widget-container\">\n\t\t\t\t\t\t\t\t\t<p><span style=\"color: #1a3987;\">Vive un encuentro con la hermosa naturaleza que albergan Majahuitas y Yelapa<\/span><\/p>\t\t\t\t\t\t\t\t<\/div>\n\t\t\t\t<\/div>\n\t\t\t\t<div class=\"elementor-element elementor-element-4986dff elementor-invisible elementor-widget elementor-widget-text-editor\" data-id=\"4986dff\" data-element_type=\"widget\" data-settings=\"{&quot;_animation&quot;:&quot;fadeIn&quot;}\" data-widget_type=\"text-editor.default\">\n\t\t\t\t<div class=\"elementor-widget-container\">\n\t\t\t\t\t\t\t\t\t<p>donde podr\u00e1 nadar, hacer snorkel, en La playa de Majahuitas y despu\u00e9s explorar el pueblo de Yelapa, un tour de 8 horas dirigido al p\u00fablico que busca una experiencia \u00fanica y llena de aventuras.<\/p>\t\t\t\t\t\t\t\t<\/div>\n\t\t\t\t<\/div>\n\t\t\t\t<div class=\"elementor-element elementor-element-5d7386c elementor-widget elementor-widget-spacer\" data-id=\"5d7386c\" data-element_type=\"widget\" data-widget_type=\"spacer.default\">\n\t\t\t\t<div class=\"elementor-widget-container\">\n\t\t\t\t\t\t\t<div class=\"elementor-spacer\">\n\t\t\t<div class=\"elementor-spacer-inner\"><\/div>\n\t\t<\/div>\n\t\t\t\t\t\t<\/div>\n\t\t\t\t<\/div>\n\t\t\t\t<section class=\"elementor-section elementor-inner-section elementor-element elementor-element-52145b4 elementor-section-boxed elementor-section-height-default elementor-section-height-default\" data-id=\"52145b4\" data-element_type=\"section\">\n\t\t\t\t\t\t<div class=\"elementor-container elementor-column-gap-default\">\n\t\t\t\t\t<div class=\"elementor-column elementor-col-50 elementor-inner-column elementor-element elementor-element-ad2d9d8\" data-id=\"ad2d9d8\" data-element_type=\"column\">\n\t\t\t<div class=\"elementor-widget-wrap elementor-element-populated\">\n\t\t\t\t\t\t<div class=\"elementor-element elementor-element-1d7ac86 elementor-invisible elementor-widget elementor-widget-text-editor\" data-id=\"1d7ac86\" data-element_type=\"widget\" data-settings=\"{&quot;_animation&quot;:&quot;fadeInLeft&quot;}\" data-widget_type=\"text-editor.default\">\n\t\t\t\t<div class=\"elementor-widget-container\">\n\t\t\t\t\t\t\t\t\t<p><span style=\"color: #8c8c8c; font-size: 1rem;\">Una hora antes de su salida, nuestro equipo le da la bienvenida en la terminal mar\u00edtima de Vallarta (API), para llegar al primer destino que es Majahuitas, donde podr\u00e1 nadar entre los peces y su transparente agua o si prefiere, podr\u00e1 realizar kayak o paddle board, posteriormente nos dirigimos a Yelapa,<\/span>\u00a0este hermoso pueblo ubicado en una costa rodeado de bosques tropicales llenos de fauna ex\u00f3tica y una flora exquisita que hace que nuestro destino sea tan especial. Un f\u00e1cil paseo por la playa lo llevar\u00e1 m\u00e1s all\u00e1 de las viviendas de pescadores y la hermosa Bah\u00eda de Chimbote, un \u00e1rea donde se puede disfrutar del paisaje desde las alturas y vivir la vida en todo su potencial de muchas maneras.<\/p>\t\t\t\t\t\t\t\t<\/div>\n\t\t\t\t<\/div>\n\t\t\t\t\t<\/div>\n\t\t<\/div>\n\t\t\t\t<div class=\"elementor-column elementor-col-50 elementor-inner-column elementor-element elementor-element-02536ab\" data-id=\"02536ab\" data-element_type=\"column\">\n\t\t\t<div class=\"elementor-widget-wrap elementor-element-populated\">\n\t\t\t\t\t\t<div class=\"elementor-element elementor-element-c87b78c elementor-invisible elementor-widget elementor-widget-image\" data-id=\"c87b78c\" data-element_type=\"widget\" data-settings=\"{&quot;_animation&quot;:&quot;fadeInRight&quot;}\" data-widget_type=\"image.default\">\n\t\t\t\t<div class=\"elementor-widget-container\">\n\t\t\t\t\t\t\t\t\t\t\t\t\t\t\t<img fetchpriority=\"high\" decoding=\"async\" width=\"525\" height=\"394\" src=\"https:\/\/gnbvallarta.com\/tours\/wp-content\/uploads\/2023\/09\/PEPE-OCTUBRE-22-jpg-66-600x450.jpg\" class=\"attachment-large size-large wp-image-5168\" alt=\"\" srcset=\"https:\/\/gnbvallarta.com\/tours\/wp-content\/uploads\/2023\/09\/PEPE-OCTUBRE-22-jpg-66-600x450.jpg 600w, https:\/\/gnbvallarta.com\/tours\/wp-content\/uploads\/2023\/09\/PEPE-OCTUBRE-22-jpg-66-300x225.jpg 300w, https:\/\/gnbvallarta.com\/tours\/wp-content\/uploads\/2023\/09\/PEPE-OCTUBRE-22-jpg-66-768x576.jpg 768w, https:\/\/gnbvallarta.com\/tours\/wp-content\/uploads\/2023\/09\/PEPE-OCTUBRE-22-jpg-66-1536x1152.jpg 1536w, https:\/\/gnbvallarta.com\/tours\/wp-content\/uploads\/2023\/09\/PEPE-OCTUBRE-22-jpg-66-2048x1536.jpg 2048w, https:\/\/gnbvallarta.com\/tours\/wp-content\/uploads\/2023\/09\/PEPE-OCTUBRE-22-jpg-66-1000x750.jpg 1000w\" sizes=\"(max-width: 525px) 100vw, 525px\" \/>\t\t\t\t\t\t\t\t\t\t\t\t\t\t\t<\/div>\n\t\t\t\t<\/div>\n\t\t\t\t\t<\/div>\n\t\t<\/div>\n\t\t\t\t\t<\/div>\n\t\t<\/section>\n\t\t\t\t\t<\/div>\n\t\t<\/div>\n\t\t\t\t\t<\/div>\n\t\t<\/section>\n\t\t\t\t<section class=\"elementor-section elementor-top-section elementor-element elementor-element-2db2ac3 elementor-section-boxed elementor-section-height-default elementor-section-height-default\" data-id=\"2db2ac3\" data-element_type=\"section\">\n\t\t\t\t\t\t<div class=\"elementor-container elementor-column-gap-default\">\n\t\t\t\t\t<div class=\"elementor-column elementor-col-100 elementor-top-column elementor-element elementor-element-3b1e08e\" data-id=\"3b1e08e\" data-element_type=\"column\">\n\t\t\t<div class=\"elementor-widget-wrap elementor-element-populated\">\n\t\t\t\t\t\t<div class=\"elementor-element elementor-element-3cff73e elementor-invisible elementor-widget elementor-widget-text-editor\" data-id=\"3cff73e\" data-element_type=\"widget\" data-settings=\"{&quot;_animation&quot;:&quot;fadeIn&quot;}\" data-widget_type=\"text-editor.default\">\n\t\t\t\t<div class=\"elementor-widget-container\">\n\t\t\t\t\t\t\t\t\t<p><span style=\"color: #093094;\">\u00bfQu\u00e9 es lo que incluye este tour?<\/span><\/p>\t\t\t\t\t\t\t\t<\/div>\n\t\t\t\t<\/div>\n\t\t\t\t<div class=\"elementor-element elementor-element-ac7680c elementor-invisible elementor-widget elementor-widget-text-editor\" data-id=\"ac7680c\" data-element_type=\"widget\" data-settings=\"{&quot;_animation&quot;:&quot;fadeIn&quot;}\" data-widget_type=\"text-editor.default\">\n\t\t\t\t<div class=\"elementor-widget-container\">\n\t\t\t\t\t\t\t\t\t<p>\u00a0<\/p><ul><li><img decoding=\"async\" class=\"emoji\" role=\"img\" draggable=\"false\" src=\"https:\/\/s.w.org\/images\/core\/emoji\/13.1.0\/svg\/1f93f.svg\" alt=\"\ud83e\udd3f\" \/>\u00a0Todo el equipo para las actividades acu\u00e1ticas. (chaleco salvavidas, m\u00e1scara y snorkel)<\/li><li><img decoding=\"async\" class=\"emoji\" role=\"img\" draggable=\"false\" src=\"https:\/\/s.w.org\/images\/core\/emoji\/13.1.0\/svg\/1f468-200d-2708-fe0f.svg\" alt=\"\ud83d\udc68\u200d\u2708\ufe0f\" \/>\u00a0Marineros, capit\u00e1n y gu\u00eda profesional.<\/li><li><img decoding=\"async\" class=\"emoji\" role=\"img\" draggable=\"false\" src=\"https:\/\/s.w.org\/images\/core\/emoji\/13.1.0\/svg\/1f373.svg\" alt=\"\ud83c\udf73\" \/>\u00a0Desayuno (Yogurt, fruta con Hot Kakes o Chilaquiles con huevo, ambas opciones acompa\u00f1adas de jugo)<\/li><li><img decoding=\"async\" class=\"emoji\" role=\"img\" draggable=\"false\" src=\"https:\/\/s.w.org\/images\/core\/emoji\/13.1.0\/svg\/1f969.svg\" alt=\"\ud83e\udd69\" \/>\u00a0Comida 1 elecci\u00f3n por persona (Coctel de camar\u00f3n, fajitas de pollo, fajitas de res, filete de pescado, hamburguesa y quesadillas naturales)<\/li><li><img decoding=\"async\" class=\"emoji\" role=\"img\" draggable=\"false\" src=\"https:\/\/s.w.org\/images\/core\/emoji\/13.1.0\/svg\/1f942.svg\" alt=\"\ud83e\udd42\" \/>\u00a0Barra libre (Ron, vodka, tequila, cerveza y whisky)<\/li><\/ul><p><strong>QUE TRAER CON USTED<\/strong><\/p><ul><li>Traje de ba\u00f1o c\u00f3modo o ropa para el agua\u00a0<\/li><li>Cambio de ropa seca<\/li><li>Toalla para secarse<\/li><li>Protecci\u00f3n solar amigable con el planeta<\/li><\/ul>\t\t\t\t\t\t\t\t<\/div>\n\t\t\t\t<\/div>\n\t\t\t\t<div class=\"elementor-element elementor-element-4816e0a elementor-invisible elementor-widget elementor-widget-text-editor\" data-id=\"4816e0a\" data-element_type=\"widget\" data-settings=\"{&quot;_animation&quot;:&quot;fadeIn&quot;}\" data-widget_type=\"text-editor.default\">\n\t\t\t\t<div class=\"elementor-widget-container\">\n\t\t\t\t\t\t\t\t\t<p><span style=\"color: #093094;\">\u00bfQu\u00e9 no incluye?<\/span><\/p>\t\t\t\t\t\t\t\t<\/div>\n\t\t\t\t<\/div>\n\t\t\t\t<div class=\"elementor-element elementor-element-791b334 elementor-invisible elementor-widget elementor-widget-text-editor\" data-id=\"791b334\" data-element_type=\"widget\" data-settings=\"{&quot;_animation&quot;:&quot;fadeIn&quot;}\" data-widget_type=\"text-editor.default\">\n\t\t\t\t<div class=\"elementor-widget-container\">\n\t\t\t\t\t\t\t\t\t<ul><li>El impuesto portuario ($32 pesos) no est\u00e1 inclu\u00eddo.<\/li><li>Por su seguridad y la de su beb\u00e9, no se permite el acceso a mujeres embarazadas.<\/li><li>\u00a0La propina no viene inclu\u00edda ni es obligatoria, es de su elecci\u00f3n gratificar el trabajo de nuestros trabajadores.<\/li><li>No incluye el paquete de fotograf\u00edas y videos<\/li><\/ul>\t\t\t\t\t\t\t\t<\/div>\n\t\t\t\t<\/div>\n\t\t\t\t<div class=\"elementor-element elementor-element-8584662 elementor-invisible elementor-widget elementor-widget-text-editor\" data-id=\"8584662\" data-element_type=\"widget\" data-settings=\"{&quot;_animation&quot;:&quot;fadeIn&quot;}\" data-widget_type=\"text-editor.default\">\n\t\t\t\t<div class=\"elementor-widget-container\">\n\t\t\t\t\t\t\t\t\t<p><span style=\"color: #093094;\">Preguntas frecuentes<\/span><\/p>\t\t\t\t\t\t\t\t<\/div>\n\t\t\t\t<\/div>\n\t\t\t\t<div class=\"elementor-element elementor-element-e559dad elementor-invisible elementor-widget elementor-widget-text-editor\" data-id=\"e559dad\" data-element_type=\"widget\" data-settings=\"{&quot;_animation&quot;:&quot;fadeIn&quot;}\" data-widget_type=\"text-editor.default\">\n\t\t\t\t<div class=\"elementor-widget-container\">\n\t\t\t\t\t\t\t\t\t<div><span style=\"color: #333399;\"><strong>\u00bfQu\u00e9 es Yelapa?<\/strong><\/span><\/div><div>Yelapa es una reserva natural conformado por grandes rocas en el mar que conforman peque\u00f1as cuevas donde hacemos la actividad de snorkel.<\/div><div><strong><span style=\"color: #333399;\">\u00bfEs necesario saber nadar?\u00a0<\/span><\/strong><\/div><div>Aunque nosotros les brindamos chaleco salvadidas, es importante saber nadar, el agua de de dichas playas pueden ser tr\u00e1nquilas pero con mucha profundidad.<\/div><div><strong><span style=\"color: #333399;\">\u00bfPodemos ir caminando a la cascada de Yelapa?<\/span><\/strong><\/div><div>Si es posible, siempre y cuando no est\u00e9 crecido el rio que divide el pueblo de la playa, la duraci\u00f3n es de 40 minutos ida y vuelta, pero siempre recomendamos que viaje en caballo o en moto y as\u00ed disfrutar totalmente de la ruta. (Las actividades extras y transportes no vienene inclu\u00eddos en su tour)<br \/><strong><span style=\"color: #333399;\">\u00bfLas bebidas tambi\u00e9n incluyen en el restaurante de Yelapa?<\/span><\/strong><\/div><div>\u00a0Ten por seguro que a bordo de la embarcaci\u00f3n, tendr\u00e1s todas las bebidas que ofrecemos completamente libre pero una vez bajandode la embarcaci\u00f3n las bebidas y alimentos extra, corren por su cuenta, esto con la finalidad de apoya la econom\u00eda de los locales resdiente de dichas playas.<span style=\"font-size: 1rem;\">\u00a0<\/span><\/div><div>\u00a0<\/div>\t\t\t\t\t\t\t\t<\/div>\n\t\t\t\t<\/div>\n\t\t\t\t<section class=\"elementor-section elementor-inner-section elementor-element elementor-element-bd60621 elementor-section-boxed elementor-section-height-default elementor-section-height-default\" data-id=\"bd60621\" data-element_type=\"section\">\n\t\t\t\t\t\t<div class=\"elementor-container elementor-column-gap-default\">\n\t\t\t\t\t<div class=\"elementor-column elementor-col-50 elementor-inner-column elementor-element elementor-element-efedd44\" data-id=\"efedd44\" data-element_type=\"column\">\n\t\t\t<div class=\"elementor-widget-wrap elementor-element-populated\">\n\t\t\t\t\t\t<div class=\"elementor-element elementor-element-fa492f6 elementor-widget elementor-widget-google_maps\" data-id=\"fa492f6\" data-element_type=\"widget\" data-widget_type=\"google_maps.default\">\n\t\t\t\t<div class=\"elementor-widget-container\">\n\t\t\t\t\t\t\t<div class=\"elementor-custom-embed\">\n\t\t\t<iframe loading=\"lazy\"\n\t\t\t\t\tsrc=\"https:\/\/maps.google.com\/maps?q=grupo%20naviero&#038;t=m&#038;z=13&#038;output=embed&#038;iwloc=near\"\n\t\t\t\t\ttitle=\"grupo naviero\"\n\t\t\t\t\taria-label=\"grupo naviero\"\n\t\t\t><\/iframe>\n\t\t<\/div>\n\t\t\t\t\t\t<\/div>\n\t\t\t\t<\/div>\n\t\t\t\t\t<\/div>\n\t\t<\/div>\n\t\t\t\t<div class=\"elementor-column elementor-col-50 elementor-inner-column elementor-element elementor-element-93b2c49\" data-id=\"93b2c49\" data-element_type=\"column\">\n\t\t\t<div class=\"elementor-widget-wrap elementor-element-populated\">\n\t\t\t\t\t\t<div class=\"elementor-element elementor-element-9dda35d eael-pricing-content-align-center eael-pricing-button-align-center elementor-widget elementor-widget-eael-pricing-table\" data-id=\"9dda35d\" data-element_type=\"widget\" data-widget_type=\"eael-pricing-table.default\">\n\t\t\t\t<div class=\"elementor-widget-container\">\n\t\t\t\t\t                    <div class=\"eael-pricing style-1\" >\n                <div class=\"eael-pricing-item \">\n                    <div class=\"header\">\n                        <h2 class=\"title\">Yelapa Majahuitas<\/h2>\n                    <\/div>\n                    <div class=\"eael-pricing-tag\">\n                        <span class=\"price-tag\"><span class=\"original-price\"><span class=\"price-currency\">$<\/span>1,800<\/span><\/span><span class=\"price-period\">\/por adulto (precio sugerido)<\/span>                    <\/div>\n                    <div class=\"body\">\n                                <ul>\n                            <li class=\"elementor-repeater-item-a5c7979\">\n                    \n                                <span class=\"li-icon\">\n                            <\/span>\n\n        \n                    <span >INCLUYE:<\/span>\n                    \n                     \n                <\/li>\n                            <li class=\"elementor-repeater-item-8301d17\">\n                    \n                                <span class=\"li-icon\">\n                <i aria-hidden=\"true\" class=\"fas fa-check\"><\/i>            <\/span>\n\n        \n                    <span >Desayuno<\/span>\n                    \n                     \n                <\/li>\n                            <li class=\"elementor-repeater-item-abc7131\">\n                    \n                                <span class=\"li-icon\">\n                <i aria-hidden=\"true\" class=\"fas fa-check\"><\/i>            <\/span>\n\n        \n                    <span >Snorkel en Majahuitas<\/span>\n                    \n                     \n                <\/li>\n                            <li class=\"elementor-repeater-item-d7aea11\">\n                    \n                                <span class=\"li-icon\">\n                <i aria-hidden=\"true\" class=\"fas fa-check\"><\/i>            <\/span>\n\n        \n                    <span >Kayak &amp; Paddleboard<\/span>\n                    \n                     \n                <\/li>\n                            <li class=\"elementor-repeater-item-6e89948\">\n                    \n                                <span class=\"li-icon\">\n                <i aria-hidden=\"true\" class=\"fas fa-check\"><\/i>            <\/span>\n\n        \n                    <span >Comida en la Playa<\/span>\n                    \n                     \n                <\/li>\n                            <li class=\"elementor-repeater-item-ef18292\">\n                    \n                                <span class=\"li-icon\">\n                <i aria-hidden=\"true\" class=\"fas fa-check\"><\/i>            <\/span>\n\n        \n                    <span >Show y m\u00fasica abordo <\/span>\n                    \n                     \n                <\/li>\n                            <li class=\"elementor-repeater-item-5fb5193\">\n                    \n                                <span class=\"li-icon\">\n                <i aria-hidden=\"true\" class=\"fas fa-check\"><\/i>            <\/span>\n\n        \n                    <span >Barra libre<\/span>\n                    \n                     \n                <\/li>\n                    <\/ul>\n                        <\/div>\n\t                                    <div class=\"footer\">\n                        <a class=\"eael-pricing-button\" href=\"https:\/\/gnbvallarta.com\/tours\/producto\/yelapa-majahuitas\/\" >\n                                                            <i class=\"fa-icon-left far fa-calendar-alt\"><\/i>                                Reserva Ahora                                                    <\/a>\n                    <\/div>\n                                    <\/div>\n            <\/div>\n                    \t\t\t\t<\/div>\n\t\t\t\t<\/div>\n\t\t\t\t\t<\/div>\n\t\t<\/div>\n\t\t\t\t\t<\/div>\n\t\t<\/section>\n\t\t\t\t<div class=\"elementor-element elementor-element-332155c elementor-arrows-position-outside elementor-pagination-position-inside elementor-widget elementor-widget-image-carousel\" data-id=\"332155c\" data-element_type=\"widget\" data-settings=\"{&quot;image_spacing_custom&quot;:{&quot;unit&quot;:&quot;px&quot;,&quot;size&quot;:10,&quot;sizes&quot;:[]},&quot;navigation&quot;:&quot;both&quot;,&quot;autoplay&quot;:&quot;yes&quot;,&quot;pause_on_hover&quot;:&quot;yes&quot;,&quot;pause_on_interaction&quot;:&quot;yes&quot;,&quot;autoplay_speed&quot;:5000,&quot;infinite&quot;:&quot;yes&quot;,&quot;speed&quot;:500,&quot;image_spacing_custom_tablet&quot;:{&quot;unit&quot;:&quot;px&quot;,&quot;size&quot;:&quot;&quot;,&quot;sizes&quot;:[]},&quot;image_spacing_custom_mobile&quot;:{&quot;unit&quot;:&quot;px&quot;,&quot;size&quot;:&quot;&quot;,&quot;sizes&quot;:[]}}\" data-widget_type=\"image-carousel.default\">\n\t\t\t\t<div class=\"elementor-widget-container\">\n\t\t\t\t\t\t\t<div class=\"elementor-image-carousel-wrapper swiper\" role=\"region\" aria-roledescription=\"carousel\" aria-label=\"Carrusel de im\u00e1genes\" dir=\"ltr\">\n\t\t\t<div class=\"elementor-image-carousel swiper-wrapper\" aria-live=\"off\">\n\t\t\t\t\t\t\t\t<div class=\"swiper-slide\" role=\"group\" aria-roledescription=\"slide\" aria-label=\"1 de 8\"><figure class=\"swiper-slide-inner\"><img decoding=\"async\" class=\"swiper-slide-image\" src=\"https:\/\/gnbvallarta.com\/tours\/wp-content\/uploads\/2023\/09\/PEPE-OCTUBRE-22-jpg-66-600x450.jpg\" alt=\"YELAPA\" \/><figcaption class=\"elementor-image-carousel-caption\">YELAPA<\/figcaption><\/figure><\/div><div class=\"swiper-slide\" role=\"group\" aria-roledescription=\"slide\" aria-label=\"2 de 8\"><figure class=\"swiper-slide-inner\"><img decoding=\"async\" class=\"swiper-slide-image\" src=\"https:\/\/gnbvallarta.com\/tours\/wp-content\/uploads\/2023\/09\/Yelapa-Lroom-4-450x600.jpg\" alt=\"CASCADA DE YELAPA\" \/><figcaption class=\"elementor-image-carousel-caption\">CASCADA DE YELAPA<\/figcaption><\/figure><\/div><div class=\"swiper-slide\" role=\"group\" aria-roledescription=\"slide\" aria-label=\"3 de 8\"><figure class=\"swiper-slide-inner\"><img decoding=\"async\" class=\"swiper-slide-image\" src=\"https:\/\/gnbvallarta.com\/tours\/wp-content\/uploads\/2023\/09\/IMG_7062-600x400.jpg\" alt=\"PUEBLO DE YELAPA\" \/><figcaption class=\"elementor-image-carousel-caption\">PUEBLO DE YELAPA<\/figcaption><\/figure><\/div><div class=\"swiper-slide\" role=\"group\" aria-roledescription=\"slide\" aria-label=\"4 de 8\"><figure class=\"swiper-slide-inner\"><img decoding=\"async\" class=\"swiper-slide-image\" src=\"https:\/\/gnbvallarta.com\/tours\/wp-content\/uploads\/2023\/09\/G0546320-600x450.jpg\" alt=\"SNORKEL EN MAJAHUITAS\" \/><figcaption class=\"elementor-image-carousel-caption\">SNORKEL EN MAJAHUITAS<\/figcaption><\/figure><\/div><div class=\"swiper-slide\" role=\"group\" aria-roledescription=\"slide\" aria-label=\"5 de 8\"><figure class=\"swiper-slide-inner\"><img decoding=\"async\" class=\"swiper-slide-image\" src=\"https:\/\/gnbvallarta.com\/tours\/wp-content\/uploads\/2023\/09\/DSC_0114-401x600.jpg\" alt=\"CASCADA DE YELAPA\" \/><figcaption class=\"elementor-image-carousel-caption\">CASCADA DE YELAPA<\/figcaption><\/figure><\/div><div class=\"swiper-slide\" role=\"group\" aria-roledescription=\"slide\" aria-label=\"6 de 8\"><figure class=\"swiper-slide-inner\"><img decoding=\"async\" class=\"swiper-slide-image\" src=\"https:\/\/gnbvallarta.com\/tours\/wp-content\/uploads\/2023\/09\/PEPE-OCTUBRE-22-jpg-39-600x450.jpg\" alt=\"YELAPA\" \/><figcaption class=\"elementor-image-carousel-caption\">YELAPA<\/figcaption><\/figure><\/div><div class=\"swiper-slide\" role=\"group\" aria-roledescription=\"slide\" aria-label=\"7 de 8\"><figure class=\"swiper-slide-inner\"><img decoding=\"async\" class=\"swiper-slide-image\" src=\"https:\/\/gnbvallarta.com\/tours\/wp-content\/uploads\/2023\/09\/PEPE-OCTUBRE-22-jpg-12-600x450.jpg\" alt=\"MAJAHUITAS\" \/><figcaption class=\"elementor-image-carousel-caption\">MAJAHUITAS<\/figcaption><\/figure><\/div><div class=\"swiper-slide\" role=\"group\" aria-roledescription=\"slide\" aria-label=\"8 de 8\"><figure class=\"swiper-slide-inner\"><img decoding=\"async\" class=\"swiper-slide-image\" src=\"https:\/\/gnbvallarta.com\/tours\/wp-content\/uploads\/2023\/09\/PEPE-OCTUBRE-22-jpg-8-600x450.jpg\" alt=\"SNORKEL DE MAJAHUITAS\" \/><figcaption class=\"elementor-image-carousel-caption\">SNORKEL DE MAJAHUITAS<\/figcaption><\/figure><\/div>\t\t\t<\/div>\n\t\t\t\t\t\t\t\t\t\t\t\t<div class=\"elementor-swiper-button elementor-swiper-button-prev\" role=\"button\" tabindex=\"0\">\n\t\t\t\t\t\t<i aria-hidden=\"true\" class=\"fas fa-caret-square-left\"><\/i>\t\t\t\t\t<\/div>\n\t\t\t\t\t<div class=\"elementor-swiper-button elementor-swiper-button-next\" role=\"button\" tabindex=\"0\">\n\t\t\t\t\t\t<i aria-hidden=\"true\" class=\"fas fa-caret-square-right\"><\/i>\t\t\t\t\t<\/div>\n\t\t\t\t\n\t\t\t\t\t\t\t\t\t<div class=\"swiper-pagination\"><\/div>\n\t\t\t\t\t\t\t\t\t<\/div>\n\t\t\t\t\t\t<\/div>\n\t\t\t\t<\/div>\n\t\t\t\t<div class=\"elementor-element elementor-element-e71ad41 elementor-widget elementor-widget-spacer\" data-id=\"e71ad41\" data-element_type=\"widget\" data-widget_type=\"spacer.default\">\n\t\t\t\t<div class=\"elementor-widget-container\">\n\t\t\t\t\t\t\t<div class=\"elementor-spacer\">\n\t\t\t<div class=\"elementor-spacer-inner\"><\/div>\n\t\t<\/div>\n\t\t\t\t\t\t<\/div>\n\t\t\t\t<\/div>\n\t\t\t\t\t<\/div>\n\t\t<\/div>\n\t\t\t\t\t<\/div>\n\t\t<\/section>\n\t\t\t\t<section class=\"elementor-section elementor-top-section elementor-element elementor-element-7ebf42a elementor-section-boxed elementor-section-height-default elementor-section-height-default\" data-id=\"7ebf42a\" data-element_type=\"section\">\n\t\t\t\t\t\t<div class=\"elementor-container elementor-column-gap-default\">\n\t\t\t\t\t<div class=\"elementor-column elementor-col-100 elementor-top-column elementor-element elementor-element-c91f606\" data-id=\"c91f606\" data-element_type=\"column\">\n\t\t\t<div class=\"elementor-widget-wrap\">\n\t\t\t\t\t\t\t<\/div>\n\t\t<\/div>\n\t\t\t\t\t<\/div>\n\t\t<\/section>\n\t\t\t\t<\/div>\n\t\t","protected":false},"excerpt":{"rendered":"<p>Vive un encuentro con la hermosa naturaleza que albergan Majahuitas y Yelapa donde podr\u00e1 nadar, hacer snorkel, en La playa de Majahuitas y despu\u00e9s explorarTour Details<\/p>\n","protected":false},"author":2,"featured_media":3845,"parent":0,"menu_order":0,"comment_status":"closed","ping_status":"closed","template":"elementor_theme","meta":{"footnotes":""},"class_list":["post-3839","page","type-page","status-publish","has-post-thumbnail","hentry"],"_links":{"self":[{"href":"https:\/\/gnbvallarta.com\/tours\/wp-json\/wp\/v2\/pages\/3839","targetHints":{"allow":["GET"]}}],"collection":[{"href":"https:\/\/gnbvallarta.com\/tours\/wp-json\/wp\/v2\/pages"}],"about":[{"href":"https:\/\/gnbvallarta.com\/tours\/wp-json\/wp\/v2\/types\/page"}],"author":[{"embeddable":true,"href":"https:\/\/gnbvallarta.com\/tours\/wp-json\/wp\/v2\/users\/2"}],"replies":[{"embeddable":true,"href":"https:\/\/gnbvallarta.com\/tours\/wp-json\/wp\/v2\/comments?post=3839"}],"version-history":[{"count":93,"href":"https:\/\/gnbvallarta.com\/tours\/wp-json\/wp\/v2\/pages\/3839\/revisions"}],"predecessor-version":[{"id":6711,"href":"https:\/\/gnbvallarta.com\/tours\/wp-json\/wp\/v2\/pages\/3839\/revisions\/6711"}],"wp:featuredmedia":[{"embeddable":true,"href":"https:\/\/gnbvallarta.com\/tours\/wp-json\/wp\/v2\/media\/3845"}],"wp:attachment":[{"href":"https:\/\/gnbvallarta.com\/tours\/wp-json\/wp\/v2\/media?parent=3839"}],"curies":[{"name":"wp","href":"https:\/\/api.w.org\/{rel}","templated":true}]}}