{"id":398,"date":"2021-09-14T08:44:59","date_gmt":"2021-09-14T12:44:59","guid":{"rendered":"https:\/\/themepalacedemo.com\/travel-route\/?page_id=398"},"modified":"2025-01-24T10:46:03","modified_gmt":"2025-01-24T16:46:03","slug":"arcos-animas-quimixto","status":"publish","type":"page","link":"https:\/\/gnbvallarta.com\/tours\/arcos-animas-quimixto\/","title":{"rendered":"Arcos, \u00c1nimas y Quimixto"},"content":{"rendered":"\t\t<div data-elementor-type=\"wp-page\" data-elementor-id=\"398\" class=\"elementor elementor-398\">\n\t\t\t\t\t\t<section class=\"elementor-section elementor-top-section elementor-element elementor-element-3553958c elementor-section-boxed elementor-section-height-default elementor-section-height-default\" data-id=\"3553958c\" data-element_type=\"section\">\n\t\t\t\t\t\t<div class=\"elementor-container elementor-column-gap-default\">\n\t\t\t\t\t<div class=\"elementor-column elementor-col-100 elementor-top-column elementor-element elementor-element-245ac4d5\" data-id=\"245ac4d5\" data-element_type=\"column\">\n\t\t\t<div class=\"elementor-widget-wrap elementor-element-populated\">\n\t\t\t\t\t\t<div class=\"elementor-element elementor-element-0419ce3 elementor-invisible elementor-widget elementor-widget-text-editor\" data-id=\"0419ce3\" data-element_type=\"widget\" data-settings=\"{&quot;_animation&quot;:&quot;fadeIn&quot;}\" data-widget_type=\"text-editor.default\">\n\t\t\t\t<div class=\"elementor-widget-container\">\n\t\t\t\t\t\t\t\t\t<p><span style=\"color: #1a3987;\">Vive una experiencia totalmente fuera de la rutina en Arcos, \u00c1nimas &amp; Quimixto<\/span><\/p>\t\t\t\t\t\t\t\t<\/div>\n\t\t\t\t<\/div>\n\t\t\t\t<div class=\"elementor-element elementor-element-30d4dcf elementor-invisible elementor-widget elementor-widget-text-editor\" data-id=\"30d4dcf\" data-element_type=\"widget\" data-settings=\"{&quot;_animation&quot;:&quot;fadeIn&quot;}\" data-widget_type=\"text-editor.default\">\n\t\t\t\t<div class=\"elementor-widget-container\">\n\t\t\t\t\t\t\t\t\t<p>donde podr\u00e1 nadar, hacer snorkel, en Los Arcos de Mismaloya y despu\u00e9s relajarte en Playa Las \u00c1nimas o realizar senderismo hacia la cascada de Quimixto, un tour de 8 horas perfecto para aquellos que desean tener un equilibrio entre la aventura y el descanso.<\/p>\t\t\t\t\t\t\t\t<\/div>\n\t\t\t\t<\/div>\n\t\t\t\t<section class=\"elementor-section elementor-inner-section elementor-element elementor-element-84f4c44 elementor-section-boxed elementor-section-height-default elementor-section-height-default\" data-id=\"84f4c44\" data-element_type=\"section\">\n\t\t\t\t\t\t<div class=\"elementor-container elementor-column-gap-default\">\n\t\t\t\t\t<div class=\"elementor-column elementor-col-50 elementor-inner-column elementor-element elementor-element-e53d676\" data-id=\"e53d676\" data-element_type=\"column\">\n\t\t\t<div class=\"elementor-widget-wrap elementor-element-populated\">\n\t\t\t\t\t\t<div class=\"elementor-element elementor-element-e8ed24b elementor-invisible elementor-widget elementor-widget-text-editor\" data-id=\"e8ed24b\" data-element_type=\"widget\" data-settings=\"{&quot;_animation&quot;:&quot;fadeInLeft&quot;}\" data-widget_type=\"text-editor.default\">\n\t\t\t\t<div class=\"elementor-widget-container\">\n\t\t\t\t\t\t\t\t\t<p>Una hora antes de la hora de su salida, nuestro equipo le da la bienvenida en la terminal mar\u00edtima de Vallarta (API), unos 19 kil\u00f3metros al sur de Puerto Vallarta. Despu\u00e9s de hora y media de traves\u00eda llegamos a nuestro primer punto el Parque Nacional acu\u00e1tico de los Arcos de Mismaloya donde nos aventaremos un chapuz\u00f3n para hacer snorkel durante 25 minutos acompa\u00f1ados de nuestros gu\u00edas. De nuevo abordo y se abre la barra libre y continuamos el camino para el segundo punto La Playa de las Animas lugar de arena blanca, olas tranquilas y gente amable la cual te guiara a nuestro restaurante donde adem\u00e1s de camastros y sombrillas nos atender\u00e1n para nuestra comida o si lo que tu prefieres es conectar con la naturaleza, adentrar entre las monta\u00f1as para llegar a la cascada de Quimixto tambi\u00e9n lo puedes hacer solo recuerda que no disfrutar\u00e1s de la playa de las animas.<\/p>\t\t\t\t\t\t\t\t<\/div>\n\t\t\t\t<\/div>\n\t\t\t\t\t<\/div>\n\t\t<\/div>\n\t\t\t\t<div class=\"elementor-column elementor-col-50 elementor-inner-column elementor-element elementor-element-d0a92e5\" data-id=\"d0a92e5\" data-element_type=\"column\">\n\t\t\t<div class=\"elementor-widget-wrap elementor-element-populated\">\n\t\t\t\t\t\t<div class=\"elementor-element elementor-element-3b340d0 elementor-invisible elementor-widget elementor-widget-image\" data-id=\"3b340d0\" data-element_type=\"widget\" data-settings=\"{&quot;_animation&quot;:&quot;fadeInRight&quot;}\" data-widget_type=\"image.default\">\n\t\t\t\t<div class=\"elementor-widget-container\">\n\t\t\t\t\t\t\t\t\t\t\t\t\t\t\t<img fetchpriority=\"high\" decoding=\"async\" width=\"525\" height=\"394\" src=\"https:\/\/gnbvallarta.com\/tours\/wp-content\/uploads\/2023\/09\/AAQ-2021-4-600x450.jpg\" class=\"attachment-large size-large wp-image-5133\" alt=\"\" srcset=\"https:\/\/gnbvallarta.com\/tours\/wp-content\/uploads\/2023\/09\/AAQ-2021-4-600x450.jpg 600w, https:\/\/gnbvallarta.com\/tours\/wp-content\/uploads\/2023\/09\/AAQ-2021-4-300x225.jpg 300w, https:\/\/gnbvallarta.com\/tours\/wp-content\/uploads\/2023\/09\/AAQ-2021-4-768x576.jpg 768w, https:\/\/gnbvallarta.com\/tours\/wp-content\/uploads\/2023\/09\/AAQ-2021-4-1536x1152.jpg 1536w, https:\/\/gnbvallarta.com\/tours\/wp-content\/uploads\/2023\/09\/AAQ-2021-4-2048x1536.jpg 2048w, https:\/\/gnbvallarta.com\/tours\/wp-content\/uploads\/2023\/09\/AAQ-2021-4-1000x750.jpg 1000w\" sizes=\"(max-width: 525px) 100vw, 525px\" \/>\t\t\t\t\t\t\t\t\t\t\t\t\t\t\t<\/div>\n\t\t\t\t<\/div>\n\t\t\t\t\t<\/div>\n\t\t<\/div>\n\t\t\t\t\t<\/div>\n\t\t<\/section>\n\t\t\t\t<div class=\"elementor-element elementor-element-f35d3c1 elementor-widget elementor-widget-text-editor\" data-id=\"f35d3c1\" data-element_type=\"widget\" data-widget_type=\"text-editor.default\">\n\t\t\t\t<div class=\"elementor-widget-container\">\n\t\t\t\t\t\t\t\t\t<p><span style=\"color: #093094;\">\u00bfQu\u00e9 es lo que incluye este tour?<\/span><\/p>\t\t\t\t\t\t\t\t<\/div>\n\t\t\t\t<\/div>\n\t\t\t\t<div class=\"elementor-element elementor-element-270d7e9 elementor-widget elementor-widget-text-editor\" data-id=\"270d7e9\" data-element_type=\"widget\" data-widget_type=\"text-editor.default\">\n\t\t\t\t<div class=\"elementor-widget-container\">\n\t\t\t\t\t\t\t\t\t<p>\u00a0<\/p><ul><li><img decoding=\"async\" class=\"emoji\" role=\"img\" draggable=\"false\" src=\"https:\/\/s.w.org\/images\/core\/emoji\/13.1.0\/svg\/1f93f.svg\" alt=\"\ud83e\udd3f\" \/>\u00a0Todo el equipo para las actividades acu\u00e1ticas. (chaleco salvavidas, m\u00e1scara y snorkel)<\/li><li><img decoding=\"async\" class=\"emoji\" role=\"img\" draggable=\"false\" src=\"https:\/\/s.w.org\/images\/core\/emoji\/13.1.0\/svg\/1f468-200d-2708-fe0f.svg\" alt=\"\ud83d\udc68\u200d\u2708\ufe0f\" \/>\u00a0Marineros, capit\u00e1n y gu\u00eda profesional.<\/li><li><img decoding=\"async\" class=\"emoji\" role=\"img\" draggable=\"false\" src=\"https:\/\/s.w.org\/images\/core\/emoji\/13.1.0\/svg\/1f373.svg\" alt=\"\ud83c\udf73\" \/>\u00a0Desayuno (Yogurt, fruta con Hot Kakes o Chilaquiles con huevo, ambas opciones acompa\u00f1adas de jugo)<\/li><li><img decoding=\"async\" class=\"emoji\" role=\"img\" draggable=\"false\" src=\"https:\/\/s.w.org\/images\/core\/emoji\/13.1.0\/svg\/1f969.svg\" alt=\"\ud83e\udd69\" \/>\u00a0Comida 1 elecci\u00f3n por persona (Fajitas de pollo, fajitas de res, filete de pescado, hamburguesa y quesadillas naturales)<\/li><li><img decoding=\"async\" class=\"emoji\" role=\"img\" draggable=\"false\" src=\"https:\/\/s.w.org\/images\/core\/emoji\/13.1.0\/svg\/1f942.svg\" alt=\"\ud83e\udd42\" \/>\u00a0Barra libre (Ron, vodka, tequila, cerveza y whisky)<\/li><\/ul><p><strong>QUE TRAER CON USTED<\/strong><\/p><ul><li>Traje de ba\u00f1o c\u00f3modo o ropa para el agua\u00a0<\/li><li>Cambio de ropa seca<\/li><li>Toalla para secarse<\/li><li>Protecci\u00f3n solar amigable con el planeta<\/li><\/ul>\t\t\t\t\t\t\t\t<\/div>\n\t\t\t\t<\/div>\n\t\t\t\t<div class=\"elementor-element elementor-element-1e87e0f elementor-widget elementor-widget-text-editor\" data-id=\"1e87e0f\" data-element_type=\"widget\" data-widget_type=\"text-editor.default\">\n\t\t\t\t<div class=\"elementor-widget-container\">\n\t\t\t\t\t\t\t\t\t<p><span style=\"color: #093094;\">\u00bfQu\u00e9 no incluye?<\/span><\/p>\t\t\t\t\t\t\t\t<\/div>\n\t\t\t\t<\/div>\n\t\t\t\t<div class=\"elementor-element elementor-element-fc7610d elementor-widget elementor-widget-text-editor\" data-id=\"fc7610d\" data-element_type=\"widget\" data-widget_type=\"text-editor.default\">\n\t\t\t\t<div class=\"elementor-widget-container\">\n\t\t\t\t\t\t\t\t\t<ul><li>El impuesto portuario ($33 pesos) no est\u00e1 inclu\u00eddo.<\/li><li>Por su seguridad y la de su beb\u00e9, no se permite el acceso a mujeres embarazadas.<\/li><li>\u00a0La propina no viene inclu\u00edda ni es obligatoria, es de su elecci\u00f3n gratificar el trabajo de nuestros trabajadores.<\/li><li>No incluye el paquete de fotograf\u00edas y videos<\/li><\/ul>\t\t\t\t\t\t\t\t<\/div>\n\t\t\t\t<\/div>\n\t\t\t\t<div class=\"elementor-element elementor-element-30e88f4 elementor-widget elementor-widget-text-editor\" data-id=\"30e88f4\" data-element_type=\"widget\" data-widget_type=\"text-editor.default\">\n\t\t\t\t<div class=\"elementor-widget-container\">\n\t\t\t\t\t\t\t\t\t<p><span style=\"color: #093094;\">Preguntas frecuentes<\/span><\/p>\t\t\t\t\t\t\t\t<\/div>\n\t\t\t\t<\/div>\n\t\t\t\t<div class=\"elementor-element elementor-element-114e262 elementor-widget elementor-widget-text-editor\" data-id=\"114e262\" data-element_type=\"widget\" data-widget_type=\"text-editor.default\">\n\t\t\t\t<div class=\"elementor-widget-container\">\n\t\t\t\t\t\t\t\t\t<div><span style=\"color: #333399;\"><strong>\u00bfQu\u00e9 es Los Arcos de Mismaloya?<\/strong><\/span><\/div><div>Los Arcos de Mismaloya es una reserva natural conformado por grandes rocas en el mar que conforman peque\u00f1as cuevas donde hacemos la actividad de snorkel.<\/div><div><strong><span style=\"color: #333399;\">\u00bfEs necesario saber nadar?\u00a0<\/span><\/strong><\/div><div>Aunque nosotros les brindamos chaleco salvadidas, es importante saber nadar, ya que se adentran a cuevas donde la marea puede est\u00e1r alta e irse hacia las piedras que se encuentran en el interior de estas.<\/div><div><strong><span style=\"color: #333399;\">\u00bfIremos a Los Arcos de Mismaloya, playa las \u00e1nimas y Quimixto?<\/span><\/strong><\/div><div>Las primeras dos ubicaciones son las m\u00e1s importantes, ya que son donde har\u00e1s snorkel y te dar\u00e1n tu alimento, pero es importante mencionar que para ir a Quimixto, no es obligatorio para todos y es una opci\u00f3n que puedes elegir ir o no ir. Te explicar\u00e9 cu\u00e1l es la din\u00e1mica: Al llegar al pueblo, comienza el senderismo, una caminata de 45 minutos aproximadamente, al llegar al rio, tienes una estancia de 35 minutos aproximadamente donde podr\u00e1s tomarte una bebida del restaurante y tomar un descanso para descender. Debo recordarte que, para esta actividad opcional, deber\u00e1s tener buena condici\u00f3n.<br \/><strong><span style=\"color: #333399;\">\u00bfLas bebidas tambi\u00e9n incluyen en el restaurante de Las \u00c1nimas?<\/span><\/strong><\/div><div>\u00a0Ten por seguro que a bordo de la embarcaci\u00f3n, tendr\u00e1s todas las bebidas que ofrecemos completamente libre pero una vez bajandode la embarcaci\u00f3n las bebidas y alimentos extra, corren por su cuenta, esto con la finalidad de apoya la econom\u00eda de los locales resdiente de dichas playas.<span style=\"font-size: 1rem;\">\u00a0<\/span><\/div><div>\u00a0<\/div>\t\t\t\t\t\t\t\t<\/div>\n\t\t\t\t<\/div>\n\t\t\t\t<div class=\"elementor-element elementor-element-5760e64 elementor-widget elementor-widget-text-editor\" data-id=\"5760e64\" data-element_type=\"widget\" data-widget_type=\"text-editor.default\">\n\t\t\t\t<div class=\"elementor-widget-container\">\n\t\t\t\t\t\t\t\t\t<p><span style=\"color: #093094;\">Partimos desde esta ubicaci\u00f3n<\/span><\/p>\t\t\t\t\t\t\t\t<\/div>\n\t\t\t\t<\/div>\n\t\t\t\t<div class=\"elementor-element elementor-element-772159b elementor-widget elementor-widget-google_maps\" data-id=\"772159b\" data-element_type=\"widget\" data-widget_type=\"google_maps.default\">\n\t\t\t\t<div class=\"elementor-widget-container\">\n\t\t\t\t\t\t\t<div class=\"elementor-custom-embed\">\n\t\t\t<iframe loading=\"lazy\"\n\t\t\t\t\tsrc=\"https:\/\/maps.google.com\/maps?q=grupo%20naviero&#038;t=m&#038;z=14&#038;output=embed&#038;iwloc=near\"\n\t\t\t\t\ttitle=\"grupo naviero\"\n\t\t\t\t\taria-label=\"grupo naviero\"\n\t\t\t><\/iframe>\n\t\t<\/div>\n\t\t\t\t\t\t<\/div>\n\t\t\t\t<\/div>\n\t\t\t\t\t<\/div>\n\t\t<\/div>\n\t\t\t\t\t<\/div>\n\t\t<\/section>\n\t\t\t\t<section class=\"elementor-section elementor-top-section elementor-element elementor-element-b6f9e25 elementor-section-boxed elementor-section-height-default elementor-section-height-default\" data-id=\"b6f9e25\" data-element_type=\"section\">\n\t\t\t\t\t\t<div class=\"elementor-container elementor-column-gap-default\">\n\t\t\t\t\t<div class=\"elementor-column elementor-col-100 elementor-top-column elementor-element elementor-element-8114c5d\" data-id=\"8114c5d\" data-element_type=\"column\">\n\t\t\t<div class=\"elementor-widget-wrap elementor-element-populated\">\n\t\t\t\t\t\t<div class=\"elementor-element elementor-element-cb23bfb eael-pricing-content-align-center eael-pricing-button-align-center elementor-widget elementor-widget-eael-pricing-table\" data-id=\"cb23bfb\" data-element_type=\"widget\" data-widget_type=\"eael-pricing-table.default\">\n\t\t\t\t<div class=\"elementor-widget-container\">\n\t\t\t\t\t                    <div class=\"eael-pricing style-1\" >\n                <div class=\"eael-pricing-item \">\n                    <div class=\"header\">\n                        <h2 class=\"title\">Tour Arcos, \u00c1nimas &amp; Quimixto<\/h2>\n                    <\/div>\n                    <div class=\"eael-pricing-tag\">\n                        <span class=\"price-tag\"><span class=\"original-price\"><span class=\"price-currency\">$<\/span>1,400<\/span><\/span><span class=\"price-period\">\/por adulto (precio sugerido)<\/span>                    <\/div>\n                    <div class=\"body\">\n                                <ul>\n                            <li class=\"elementor-repeater-item-ac4f8fd\">\n                    \n                                <span class=\"li-icon\">\n                <i aria-hidden=\"true\" class=\"fas fa-check\"><\/i>            <\/span>\n\n        \n                    <span >Desayuno<\/span>\n                    \n                     \n                <\/li>\n                            <li class=\"elementor-repeater-item-f707132\">\n                    \n                                <span class=\"li-icon\">\n                <i aria-hidden=\"true\" class=\"fas fa-check\"><\/i>            <\/span>\n\n        \n                    <span >Comida<\/span>\n                    \n                     \n                <\/li>\n                            <li class=\"elementor-repeater-item-e78ec17\">\n                    \n                                <span class=\"li-icon\">\n                <i aria-hidden=\"true\" class=\"fas fa-check\"><\/i>            <\/span>\n\n        \n                    <span >Equipo de Snorkel<\/span>\n                    \n                     \n                <\/li>\n                            <li class=\"elementor-repeater-item-ffad6bd\">\n                    \n                                <span class=\"li-icon\">\n                <i aria-hidden=\"true\" class=\"fas fa-check\"><\/i>            <\/span>\n\n        \n                    <span >Bebidas inclu\u00eddas a bordo<\/span>\n                    \n                     \n                <\/li>\n                            <li class=\"elementor-repeater-item-2f34a86\">\n                    \n                                <span class=\"li-icon\">\n                <i aria-hidden=\"true\" class=\"fas fa-check\"><\/i>            <\/span>\n\n        \n                    <span >Gu\u00eda certificado<\/span>\n                    \n                     \n                <\/li>\n                    <\/ul>\n                        <\/div>\n\t                                    <div class=\"footer\">\n                        <a class=\"eael-pricing-button\" href=\"https:\/\/gnbvallarta.com\/tours\/producto\/arcos-animas-y-quimixto\/\" >\n                                                                                            \u00a1Reserva ahora!                                                    <\/a>\n                    <\/div>\n                                    <\/div>\n            <\/div>\n                    \t\t\t\t<\/div>\n\t\t\t\t<\/div>\n\t\t\t\t<div class=\"elementor-element elementor-element-1814e5e elementor-arrows-position-inside elementor-pagination-position-outside elementor-widget elementor-widget-image-carousel\" data-id=\"1814e5e\" data-element_type=\"widget\" data-settings=\"{&quot;navigation&quot;:&quot;both&quot;,&quot;autoplay&quot;:&quot;yes&quot;,&quot;pause_on_hover&quot;:&quot;yes&quot;,&quot;pause_on_interaction&quot;:&quot;yes&quot;,&quot;autoplay_speed&quot;:5000,&quot;infinite&quot;:&quot;yes&quot;,&quot;speed&quot;:500}\" data-widget_type=\"image-carousel.default\">\n\t\t\t\t<div class=\"elementor-widget-container\">\n\t\t\t\t\t\t\t<div class=\"elementor-image-carousel-wrapper swiper\" role=\"region\" aria-roledescription=\"carousel\" aria-label=\"Carrusel de im\u00e1genes\" dir=\"ltr\">\n\t\t\t<div class=\"elementor-image-carousel swiper-wrapper\" aria-live=\"off\">\n\t\t\t\t\t\t\t\t<div class=\"swiper-slide\" role=\"group\" aria-roledescription=\"slide\" aria-label=\"1 de 7\"><figure class=\"swiper-slide-inner\"><img decoding=\"async\" class=\"swiper-slide-image\" src=\"https:\/\/gnbvallarta.com\/tours\/wp-content\/uploads\/2023\/09\/Catamaran-23-600x600.jpg\" alt=\"Playa L\u00e1s \u00c1nimas\" \/><\/figure><\/div><div class=\"swiper-slide\" role=\"group\" aria-roledescription=\"slide\" aria-label=\"2 de 7\"><figure class=\"swiper-slide-inner\"><img decoding=\"async\" class=\"swiper-slide-image\" src=\"https:\/\/gnbvallarta.com\/tours\/wp-content\/uploads\/2023\/09\/AAQ-2021-9-600x450.jpg\" alt=\"Muelle de Las \u00c1nimas\" \/><\/figure><\/div><div class=\"swiper-slide\" role=\"group\" aria-roledescription=\"slide\" aria-label=\"3 de 7\"><figure class=\"swiper-slide-inner\"><img decoding=\"async\" class=\"swiper-slide-image\" src=\"https:\/\/gnbvallarta.com\/tours\/wp-content\/uploads\/2023\/09\/AAQ-2021-8-600x450.jpg\" alt=\"Playa L\u00e1s \u00c1nimas\" \/><\/figure><\/div><div class=\"swiper-slide\" role=\"group\" aria-roledescription=\"slide\" aria-label=\"4 de 7\"><figure class=\"swiper-slide-inner\"><img decoding=\"async\" class=\"swiper-slide-image\" src=\"https:\/\/gnbvallarta.com\/tours\/wp-content\/uploads\/2023\/09\/arcos-a-2-600x503.png\" alt=\"Snorkel en Los \u00c1rcos de Mismaloya\" \/><\/figure><\/div><div class=\"swiper-slide\" role=\"group\" aria-roledescription=\"slide\" aria-label=\"5 de 7\"><figure class=\"swiper-slide-inner\"><img decoding=\"async\" class=\"swiper-slide-image\" src=\"https:\/\/gnbvallarta.com\/tours\/wp-content\/uploads\/2023\/09\/aaq16-600x450.png\" alt=\"Snorkel en Los \u00c1rcos de Mismaloya\" \/><\/figure><\/div><div class=\"swiper-slide\" role=\"group\" aria-roledescription=\"slide\" aria-label=\"6 de 7\"><figure class=\"swiper-slide-inner\"><img decoding=\"async\" class=\"swiper-slide-image\" src=\"https:\/\/gnbvallarta.com\/tours\/wp-content\/uploads\/2023\/09\/AAQ-2021-4-600x450.jpg\" alt=\"OLYMPUS DIGITAL CSnorkel en Los \u00c1rcos de MismaloyaAMERA\" \/><\/figure><\/div><div class=\"swiper-slide\" role=\"group\" aria-roledescription=\"slide\" aria-label=\"7 de 7\"><figure class=\"swiper-slide-inner\"><img decoding=\"async\" class=\"swiper-slide-image\" src=\"https:\/\/gnbvallarta.com\/tours\/wp-content\/uploads\/2023\/09\/AAQ-2021-14-600x401.jpg\" alt=\"Cascada de Quimixto\" \/><\/figure><\/div>\t\t\t<\/div>\n\t\t\t\t\t\t\t\t\t\t\t\t<div class=\"elementor-swiper-button elementor-swiper-button-prev\" role=\"button\" tabindex=\"0\">\n\t\t\t\t\t\t<i aria-hidden=\"true\" class=\"eicon-chevron-left\"><\/i>\t\t\t\t\t<\/div>\n\t\t\t\t\t<div class=\"elementor-swiper-button elementor-swiper-button-next\" role=\"button\" tabindex=\"0\">\n\t\t\t\t\t\t<i aria-hidden=\"true\" class=\"eicon-chevron-right\"><\/i>\t\t\t\t\t<\/div>\n\t\t\t\t\n\t\t\t\t\t\t\t\t\t<div class=\"swiper-pagination\"><\/div>\n\t\t\t\t\t\t\t\t\t<\/div>\n\t\t\t\t\t\t<\/div>\n\t\t\t\t<\/div>\n\t\t\t\t\t<\/div>\n\t\t<\/div>\n\t\t\t\t\t<\/div>\n\t\t<\/section>\n\t\t\t\t<\/div>\n\t\t","protected":false},"excerpt":{"rendered":"<p>Vive una experiencia totalmente fuera de la rutina en Arcos, \u00c1nimas &amp; Quimixto donde podr\u00e1 nadar, hacer snorkel, en Los Arcos de Mismaloya y despu\u00e9sTour Details<\/p>\n","protected":false},"author":1,"featured_media":655,"parent":0,"menu_order":0,"comment_status":"closed","ping_status":"closed","template":"","meta":{"footnotes":""},"class_list":["post-398","page","type-page","status-publish","has-post-thumbnail","hentry"],"_links":{"self":[{"href":"https:\/\/gnbvallarta.com\/tours\/wp-json\/wp\/v2\/pages\/398","targetHints":{"allow":["GET"]}}],"collection":[{"href":"https:\/\/gnbvallarta.com\/tours\/wp-json\/wp\/v2\/pages"}],"about":[{"href":"https:\/\/gnbvallarta.com\/tours\/wp-json\/wp\/v2\/types\/page"}],"author":[{"embeddable":true,"href":"https:\/\/gnbvallarta.com\/tours\/wp-json\/wp\/v2\/users\/1"}],"replies":[{"embeddable":true,"href":"https:\/\/gnbvallarta.com\/tours\/wp-json\/wp\/v2\/comments?post=398"}],"version-history":[{"count":83,"href":"https:\/\/gnbvallarta.com\/tours\/wp-json\/wp\/v2\/pages\/398\/revisions"}],"predecessor-version":[{"id":6718,"href":"https:\/\/gnbvallarta.com\/tours\/wp-json\/wp\/v2\/pages\/398\/revisions\/6718"}],"wp:featuredmedia":[{"embeddable":true,"href":"https:\/\/gnbvallarta.com\/tours\/wp-json\/wp\/v2\/media\/655"}],"wp:attachment":[{"href":"https:\/\/gnbvallarta.com\/tours\/wp-json\/wp\/v2\/media?parent=398"}],"curies":[{"name":"wp","href":"https:\/\/api.w.org\/{rel}","templated":true}]}}