{"id":411,"date":"2018-11-14T09:49:59","date_gmt":"2018-11-14T09:49:59","guid":{"rendered":"https:\/\/themepalacedemo.com\/travel-route\/?page_id=411"},"modified":"2021-10-08T12:58:51","modified_gmt":"2021-10-08T16:58:51","slug":"edie-seg","status":"publish","type":"page","link":"https:\/\/gnbvallarta.com\/tours\/edie-seg\/","title":{"rendered":"Edie Seg"},"content":{"rendered":"<p>La pase s\u00faper bien! cada miembro de la tripulaci\u00f3n y hasta el fot\u00f3grafo te hacen sentir s\u00faper bien! muy divertido!! gracias \ud83d\ude0d\ud83d\ude0d\ud83d\ude0d recomiendo 100%<\/p>\n","protected":false},"excerpt":{"rendered":"<p>La pase s\u00faper bien! cada miembro de la tripulaci\u00f3n y hasta el fot\u00f3grafo te hacen sentir s\u00faper bien! muy divertido!! gracias \ud83d\ude0d\ud83d\ude0d\ud83d\ude0d recomiendo 100%<\/p>\n","protected":false},"author":1,"featured_media":1398,"parent":0,"menu_order":0,"comment_status":"closed","ping_status":"closed","template":"","meta":{"footnotes":""},"class_list":["post-411","page","type-page","status-publish","has-post-thumbnail","hentry"],"_links":{"self":[{"href":"https:\/\/gnbvallarta.com\/tours\/wp-json\/wp\/v2\/pages\/411","targetHints":{"allow":["GET"]}}],"collection":[{"href":"https:\/\/gnbvallarta.com\/tours\/wp-json\/wp\/v2\/pages"}],"about":[{"href":"https:\/\/gnbvallarta.com\/tours\/wp-json\/wp\/v2\/types\/page"}],"author":[{"embeddable":true,"href":"https:\/\/gnbvallarta.com\/tours\/wp-json\/wp\/v2\/users\/1"}],"replies":[{"embeddable":true,"href":"https:\/\/gnbvallarta.com\/tours\/wp-json\/wp\/v2\/comments?post=411"}],"version-history":[{"count":2,"href":"https:\/\/gnbvallarta.com\/tours\/wp-json\/wp\/v2\/pages\/411\/revisions"}],"predecessor-version":[{"id":1399,"href":"https:\/\/gnbvallarta.com\/tours\/wp-json\/wp\/v2\/pages\/411\/revisions\/1399"}],"wp:featuredmedia":[{"embeddable":true,"href":"https:\/\/gnbvallarta.com\/tours\/wp-json\/wp\/v2\/media\/1398"}],"wp:attachment":[{"href":"https:\/\/gnbvallarta.com\/tours\/wp-json\/wp\/v2\/media?parent=411"}],"curies":[{"name":"wp","href":"https:\/\/api.w.org\/{rel}","templated":true}]}}