{"id":412,"date":"2018-11-14T09:50:21","date_gmt":"2018-11-14T09:50:21","guid":{"rendered":"https:\/\/themepalacedemo.com\/travel-route\/?page_id=412"},"modified":"2021-10-08T13:01:33","modified_gmt":"2021-10-08T17:01:33","slug":"jack-royle","status":"publish","type":"page","link":"https:\/\/gnbvallarta.com\/tours\/jack-royle\/","title":{"rendered":"Daniela Hern\u00e1ndez"},"content":{"rendered":"<p>Tomamos el tour playa Animas.<br \/>\nTodo estuvo excepcional, la comida, las bebidas, el ambiente, la animaci\u00f3n, la atenci\u00f3n de todo el personal, y de regreso la fiesta brutaaaa, S\u00faper Recomendable.<br \/>\nTambi\u00e9n tomamos el Tour de razer y tambi\u00e9n estuvo muy bueno super\u00f3 nuestras expectativas!<br \/>\nEn diciembre regresaremos y los volveremos a buscar GRACIAS!!<\/p>\n","protected":false},"excerpt":{"rendered":"<p>Tomamos el tour playa Animas. Todo estuvo excepcional, la comida, las bebidas, el ambiente, la animaci\u00f3n, la atenci\u00f3n de todo el personal, y de regresoTour Details<\/p>\n","protected":false},"author":1,"featured_media":1394,"parent":0,"menu_order":0,"comment_status":"closed","ping_status":"closed","template":"","meta":{"footnotes":""},"class_list":["post-412","page","type-page","status-publish","has-post-thumbnail","hentry"],"_links":{"self":[{"href":"https:\/\/gnbvallarta.com\/tours\/wp-json\/wp\/v2\/pages\/412","targetHints":{"allow":["GET"]}}],"collection":[{"href":"https:\/\/gnbvallarta.com\/tours\/wp-json\/wp\/v2\/pages"}],"about":[{"href":"https:\/\/gnbvallarta.com\/tours\/wp-json\/wp\/v2\/types\/page"}],"author":[{"embeddable":true,"href":"https:\/\/gnbvallarta.com\/tours\/wp-json\/wp\/v2\/users\/1"}],"replies":[{"embeddable":true,"href":"https:\/\/gnbvallarta.com\/tours\/wp-json\/wp\/v2\/comments?post=412"}],"version-history":[{"count":2,"href":"https:\/\/gnbvallarta.com\/tours\/wp-json\/wp\/v2\/pages\/412\/revisions"}],"predecessor-version":[{"id":1401,"href":"https:\/\/gnbvallarta.com\/tours\/wp-json\/wp\/v2\/pages\/412\/revisions\/1401"}],"wp:featuredmedia":[{"embeddable":true,"href":"https:\/\/gnbvallarta.com\/tours\/wp-json\/wp\/v2\/media\/1394"}],"wp:attachment":[{"href":"https:\/\/gnbvallarta.com\/tours\/wp-json\/wp\/v2\/media?parent=412"}],"curies":[{"name":"wp","href":"https:\/\/api.w.org\/{rel}","templated":true}]}}