{"id":5033,"date":"2023-09-25T15:21:54","date_gmt":"2023-09-25T21:21:54","guid":{"rendered":"https:\/\/gnbvallarta.com\/tours\/?page_id=5033"},"modified":"2024-03-11T12:21:09","modified_gmt":"2024-03-11T18:21:09","slug":"tour-de-ballenas","status":"publish","type":"page","link":"https:\/\/gnbvallarta.com\/tours\/tour-de-ballenas\/","title":{"rendered":"Tour de ballenas"},"content":{"rendered":"\t\t<div data-elementor-type=\"wp-page\" data-elementor-id=\"5033\" class=\"elementor elementor-5033\">\n\t\t\t\t\t\t<section class=\"elementor-section elementor-top-section elementor-element elementor-element-5060d08 elementor-section-boxed elementor-section-height-default elementor-section-height-default\" data-id=\"5060d08\" data-element_type=\"section\">\n\t\t\t\t\t\t<div class=\"elementor-container elementor-column-gap-default\">\n\t\t\t\t\t<div class=\"elementor-column elementor-col-100 elementor-top-column elementor-element elementor-element-3e60b06\" data-id=\"3e60b06\" data-element_type=\"column\">\n\t\t\t<div class=\"elementor-widget-wrap elementor-element-populated\">\n\t\t\t\t\t\t<div class=\"elementor-element elementor-element-7f1d948 elementor-invisible elementor-widget elementor-widget-heading\" data-id=\"7f1d948\" data-element_type=\"widget\" data-settings=\"{&quot;_animation&quot;:&quot;slideInLeft&quot;}\" data-widget_type=\"heading.default\">\n\t\t\t\t<div class=\"elementor-widget-container\">\n\t\t\t\t\t<h2 class=\"elementor-heading-title elementor-size-small\">Vive una experiencia \u00fanica con un avistamiento de ballenas<\/h2>\t\t\t\t<\/div>\n\t\t\t\t<\/div>\n\t\t\t\t<div class=\"elementor-element elementor-element-1c0354a elementor-widget elementor-widget-heading\" data-id=\"1c0354a\" data-element_type=\"widget\" data-widget_type=\"heading.default\">\n\t\t\t\t<div class=\"elementor-widget-container\">\n\t\t\t\t\t<h2 class=\"elementor-heading-title elementor-size-default\">Si buscas en d\u00f3nde ver a estos hermosos ejemplares, Puerto Vallarta es el destino perfecto en todo el mundo. Esto se debe a que las aguas de la bah\u00eda de Puerto Vallarta son las \u00e1reas ideales de reproducci\u00f3n y migraci\u00f3n de ballenas jorobadas en el Oc\u00e9ano Pac\u00edfico.<\/h2>\t\t\t\t<\/div>\n\t\t\t\t<\/div>\n\t\t\t\t<section class=\"elementor-section elementor-inner-section elementor-element elementor-element-09f5344 elementor-section-boxed elementor-section-height-default elementor-section-height-default\" data-id=\"09f5344\" data-element_type=\"section\">\n\t\t\t\t\t\t<div class=\"elementor-container elementor-column-gap-default\">\n\t\t\t\t\t<div class=\"elementor-column elementor-col-50 elementor-inner-column elementor-element elementor-element-91cfddb\" data-id=\"91cfddb\" data-element_type=\"column\">\n\t\t\t<div class=\"elementor-widget-wrap elementor-element-populated\">\n\t\t\t\t\t\t<div class=\"elementor-element elementor-element-ebceae8 elementor-widget elementor-widget-text-editor\" data-id=\"ebceae8\" data-element_type=\"widget\" data-widget_type=\"text-editor.default\">\n\t\t\t\t<div class=\"elementor-widget-container\">\n\t\t\t\t\t\t\t\t\t<p>\u00a0<\/p><p>La temporada de Ballenas Jorobadas en Puerto Vallarta acaba de inciar y termina el 15 de Abril, 2024. \u00a1Reserva con anticipaci\u00f3n para asegurar tu lugar!<\/p><p>Cuando las temperaturas bajan las en las aguas del \u00c1rtico, las ballenas hacen un viaje de ida y vuelta de 15 mil kil\u00f3metros a la costa de M\u00e9xico, en busca de aguas m\u00e1s c\u00e1lidas, durante este tiempo, muchas ballenas tambi\u00e9n se aparean y dan a luz, y en las aguas seguras y protegidas para las ballenas en Puerto Vallarta pueden formar sus familias.<\/p><p>\u00a0<\/p><p>Las ballenas jorobadas pueden alcanzar tama\u00f1os de m\u00e1s de 50 pies de largo y pesar hasta 30 libras aproximadamente. son famosas por sus grandes saltos que realizan en el mar, y podr\u00e1s disfrutar de este incre\u00edble espect\u00e1culo en Grupo Naviero de la Bah\u00eda.<\/p>\t\t\t\t\t\t\t\t<\/div>\n\t\t\t\t<\/div>\n\t\t\t\t\t<\/div>\n\t\t<\/div>\n\t\t\t\t<div class=\"elementor-column elementor-col-50 elementor-inner-column elementor-element elementor-element-0d51e7c\" data-id=\"0d51e7c\" data-element_type=\"column\">\n\t\t\t<div class=\"elementor-widget-wrap elementor-element-populated\">\n\t\t\t\t\t\t<div class=\"elementor-element elementor-element-90cbceb elementor-widget elementor-widget-image\" data-id=\"90cbceb\" data-element_type=\"widget\" data-widget_type=\"image.default\">\n\t\t\t\t<div class=\"elementor-widget-container\">\n\t\t\t\t\t\t\t\t\t\t\t\t\t\t\t<img fetchpriority=\"high\" decoding=\"async\" width=\"490\" height=\"375\" src=\"https:\/\/gnbvallarta.com\/tours\/wp-content\/uploads\/2023\/09\/AAQ-53-490x375.jpg\" class=\"attachment-post-thumbnail size-post-thumbnail wp-image-5036\" alt=\"\" \/>\t\t\t\t\t\t\t\t\t\t\t\t\t\t\t<\/div>\n\t\t\t\t<\/div>\n\t\t\t\t\t<\/div>\n\t\t<\/div>\n\t\t\t\t\t<\/div>\n\t\t<\/section>\n\t\t\t\t<div class=\"elementor-element elementor-element-cc9d9e6 elementor-widget elementor-widget-text-editor\" data-id=\"cc9d9e6\" data-element_type=\"widget\" data-widget_type=\"text-editor.default\">\n\t\t\t\t<div class=\"elementor-widget-container\">\n\t\t\t\t\t\t\t\t\t<p><span style=\"color: #093094;\">\u00bfQu\u00e9 es lo que incluye este tour?<\/span><\/p>\t\t\t\t\t\t\t\t<\/div>\n\t\t\t\t<\/div>\n\t\t\t\t<section class=\"elementor-section elementor-inner-section elementor-element elementor-element-1b94844 elementor-section-boxed elementor-section-height-default elementor-section-height-default\" data-id=\"1b94844\" data-element_type=\"section\">\n\t\t\t\t\t\t<div class=\"elementor-container elementor-column-gap-default\">\n\t\t\t\t\t<div class=\"elementor-column elementor-col-50 elementor-inner-column elementor-element elementor-element-9eba4a4\" data-id=\"9eba4a4\" data-element_type=\"column\">\n\t\t\t<div class=\"elementor-widget-wrap elementor-element-populated\">\n\t\t\t\t\t\t<div class=\"elementor-element elementor-element-0b9103d elementor-widget elementor-widget-text-editor\" data-id=\"0b9103d\" data-element_type=\"widget\" data-widget_type=\"text-editor.default\">\n\t\t\t\t<div class=\"elementor-widget-container\">\n\t\t\t\t\t\t\t\t\t<p style=\"text-align: center;\"><strong>Horario 9:00 a.m. a 1:00 p.m.<\/strong><\/p><ul><li>Desayuno. &#8211; Opci\u00f3n 1: Chilaquiles y huevos con jam\u00f3n -Opci\u00f3n 2: Hot cakes con fruta, yogurt y granola.<\/li><li>Bebidas inclu\u00eddas<\/li><li>Gu\u00eda certificado<\/li><li>Hidr\u00f3fono\u00a0<\/li><\/ul><p style=\"text-align: center;\">\u00a0<\/p>\t\t\t\t\t\t\t\t<\/div>\n\t\t\t\t<\/div>\n\t\t\t\t\t<\/div>\n\t\t<\/div>\n\t\t\t\t<div class=\"elementor-column elementor-col-50 elementor-inner-column elementor-element elementor-element-9ea6c4e\" data-id=\"9ea6c4e\" data-element_type=\"column\">\n\t\t\t<div class=\"elementor-widget-wrap elementor-element-populated\">\n\t\t\t\t\t\t<div class=\"elementor-element elementor-element-6f39ff1 elementor-widget elementor-widget-text-editor\" data-id=\"6f39ff1\" data-element_type=\"widget\" data-widget_type=\"text-editor.default\">\n\t\t\t\t<div class=\"elementor-widget-container\">\n\t\t\t\t\t\t\t\t\t<p style=\"text-align: center;\"><span style=\"color: #ff0000;\">SUSPENDIDO TEMPORALMENTE<\/span><\/p><p style=\"text-align: center;\"><strong>Horario 1:00 p.m. a 5:00 p.m.<\/strong><\/p><ul><li>Comida. &#8211; Hamburguesa de res con papas fritas y ensalada verde (Hamburguesa vegana)<\/li><li>Bebidas inclu\u00eddas<\/li><li>Gu\u00eda certificado<\/li><li>Hidr\u00f3fono<\/li><\/ul>\t\t\t\t\t\t\t\t<\/div>\n\t\t\t\t<\/div>\n\t\t\t\t\t<\/div>\n\t\t<\/div>\n\t\t\t\t\t<\/div>\n\t\t<\/section>\n\t\t\t\t<div class=\"elementor-element elementor-element-950a722 elementor-widget elementor-widget-text-editor\" data-id=\"950a722\" data-element_type=\"widget\" data-widget_type=\"text-editor.default\">\n\t\t\t\t<div class=\"elementor-widget-container\">\n\t\t\t\t\t\t\t\t\t<p><span style=\"color: #093094;\">\u00bfQu\u00e9 no incluye?<\/span><\/p>\t\t\t\t\t\t\t\t<\/div>\n\t\t\t\t<\/div>\n\t\t\t\t<div class=\"elementor-element elementor-element-0ba77ff elementor-widget elementor-widget-text-editor\" data-id=\"0ba77ff\" data-element_type=\"widget\" data-widget_type=\"text-editor.default\">\n\t\t\t\t<div class=\"elementor-widget-container\">\n\t\t\t\t\t\t\t\t\t<ul>\n<li>El impuesto portuario ($32 pesos) no est\u00e1 inclu\u00eddo.<\/li>\n<li>Brazalete para la conservaci\u00f3n de la ballena ($25 pesos) no est\u00e1 inclu\u00eddo.<\/li>\n<li>Edad m\u00ednima de 3 a\u00f1os.&nbsp;<\/li>\n<li>Por su seguridad y la de su beb\u00e9, no se permite el acceso a mujeres embarazadas.<\/li>\n<li>&nbsp;La propina no viene inclu\u00edda ni es obligatoria, es de su elecci\u00f3n gratificar el trabajo de nuestros trabajadores.<\/li>\n<\/ul>\t\t\t\t\t\t\t\t<\/div>\n\t\t\t\t<\/div>\n\t\t\t\t<div class=\"elementor-element elementor-element-c4d9b9e elementor-widget elementor-widget-text-editor\" data-id=\"c4d9b9e\" data-element_type=\"widget\" data-widget_type=\"text-editor.default\">\n\t\t\t\t<div class=\"elementor-widget-container\">\n\t\t\t\t\t\t\t\t\t<p><span style=\"color: #093094;\">Te recomendamos llevar<\/span><\/p>\t\t\t\t\t\t\t\t<\/div>\n\t\t\t\t<\/div>\n\t\t\t\t<div class=\"elementor-element elementor-element-3650dcc elementor-widget elementor-widget-text-editor\" data-id=\"3650dcc\" data-element_type=\"widget\" data-widget_type=\"text-editor.default\">\n\t\t\t\t<div class=\"elementor-widget-container\">\n\t\t\t\t\t\t\t\t\t<ul><li>C\u00e1mara<\/li><li>Ropa c\u00f3moda (sueter ligero)<\/li><li>Bloqueador solar<\/li><li>lentes de sol<\/li><li>gorra<\/li><\/ul>\t\t\t\t\t\t\t\t<\/div>\n\t\t\t\t<\/div>\n\t\t\t\t<div class=\"elementor-element elementor-element-b45ce10 elementor-widget elementor-widget-text-editor\" data-id=\"b45ce10\" data-element_type=\"widget\" data-widget_type=\"text-editor.default\">\n\t\t\t\t<div class=\"elementor-widget-container\">\n\t\t\t\t\t\t\t\t\t<p><span style=\"color: #093094;\">Partimos desde esta ubicaci\u00f3n<\/span><\/p>\t\t\t\t\t\t\t\t<\/div>\n\t\t\t\t<\/div>\n\t\t\t\t<div class=\"elementor-element elementor-element-0086b0d elementor-widget elementor-widget-google_maps\" data-id=\"0086b0d\" data-element_type=\"widget\" data-widget_type=\"google_maps.default\">\n\t\t\t\t<div class=\"elementor-widget-container\">\n\t\t\t\t\t\t\t<div class=\"elementor-custom-embed\">\n\t\t\t<iframe loading=\"lazy\"\n\t\t\t\t\tsrc=\"https:\/\/maps.google.com\/maps?q=Puerto%20m%C3%A1gico&#038;t=m&#038;z=10&#038;output=embed&#038;iwloc=near\"\n\t\t\t\t\ttitle=\"Puerto m\u00e1gico\"\n\t\t\t\t\taria-label=\"Puerto m\u00e1gico\"\n\t\t\t><\/iframe>\n\t\t<\/div>\n\t\t\t\t\t\t<\/div>\n\t\t\t\t<\/div>\n\t\t\t\t<div class=\"elementor-element elementor-element-06ca992 elementor-arrows-position-inside elementor-pagination-position-outside elementor-widget elementor-widget-image-carousel\" data-id=\"06ca992\" data-element_type=\"widget\" data-settings=\"{&quot;navigation&quot;:&quot;both&quot;,&quot;autoplay&quot;:&quot;yes&quot;,&quot;pause_on_hover&quot;:&quot;yes&quot;,&quot;pause_on_interaction&quot;:&quot;yes&quot;,&quot;autoplay_speed&quot;:5000,&quot;infinite&quot;:&quot;yes&quot;,&quot;speed&quot;:500}\" data-widget_type=\"image-carousel.default\">\n\t\t\t\t<div class=\"elementor-widget-container\">\n\t\t\t\t\t\t\t<div class=\"elementor-image-carousel-wrapper swiper\" role=\"region\" aria-roledescription=\"carousel\" aria-label=\"Carrusel de im\u00e1genes\" dir=\"ltr\">\n\t\t\t<div class=\"elementor-image-carousel swiper-wrapper swiper-image-stretch\" aria-live=\"off\">\n\t\t\t\t\t\t\t\t<div class=\"swiper-slide\" role=\"group\" aria-roledescription=\"slide\" aria-label=\"1 de 8\"><figure class=\"swiper-slide-inner\"><img decoding=\"async\" class=\"swiper-slide-image\" src=\"https:\/\/gnbvallarta.com\/tours\/wp-content\/uploads\/2023\/09\/Ballena-3.jpg\" alt=\"Ballena 3\" \/><\/figure><\/div><div class=\"swiper-slide\" role=\"group\" aria-roledescription=\"slide\" aria-label=\"2 de 8\"><figure class=\"swiper-slide-inner\"><img decoding=\"async\" class=\"swiper-slide-image\" src=\"https:\/\/gnbvallarta.com\/tours\/wp-content\/uploads\/2023\/09\/AAQ-51-2048x1365.jpg\" alt=\"AAQ (51)\" \/><\/figure><\/div><div class=\"swiper-slide\" role=\"group\" aria-roledescription=\"slide\" aria-label=\"3 de 8\"><figure class=\"swiper-slide-inner\"><img decoding=\"async\" class=\"swiper-slide-image\" src=\"https:\/\/gnbvallarta.com\/tours\/wp-content\/uploads\/2023\/09\/AAQ-53-2048x1365.jpg\" alt=\"AAQ (53)\" \/><\/figure><\/div><div class=\"swiper-slide\" role=\"group\" aria-roledescription=\"slide\" aria-label=\"4 de 8\"><figure class=\"swiper-slide-inner\"><img decoding=\"async\" class=\"swiper-slide-image\" src=\"https:\/\/gnbvallarta.com\/tours\/wp-content\/uploads\/2023\/09\/Ballena1.jpg\" alt=\"Ballena1\" \/><\/figure><\/div><div class=\"swiper-slide\" role=\"group\" aria-roledescription=\"slide\" aria-label=\"5 de 8\"><figure class=\"swiper-slide-inner\"><img decoding=\"async\" class=\"swiper-slide-image\" src=\"https:\/\/gnbvallarta.com\/tours\/wp-content\/uploads\/2023\/09\/AAQ-48-2048x1365.jpg\" alt=\"AAQ (48)\" \/><\/figure><\/div><div class=\"swiper-slide\" role=\"group\" aria-roledescription=\"slide\" aria-label=\"6 de 8\"><figure class=\"swiper-slide-inner\"><img decoding=\"async\" class=\"swiper-slide-image\" src=\"https:\/\/gnbvallarta.com\/tours\/wp-content\/uploads\/2023\/09\/Ballenas-Dic-2022-9.jpg\" alt=\"Ballenas Dic 2022 (9)\" \/><\/figure><\/div><div class=\"swiper-slide\" role=\"group\" aria-roledescription=\"slide\" aria-label=\"7 de 8\"><figure class=\"swiper-slide-inner\"><img decoding=\"async\" class=\"swiper-slide-image\" src=\"https:\/\/gnbvallarta.com\/tours\/wp-content\/uploads\/2023\/09\/Ballenas-1-560x416-1.jpg\" alt=\"Ballenas-1-560x416\" \/><\/figure><\/div><div class=\"swiper-slide\" role=\"group\" aria-roledescription=\"slide\" aria-label=\"8 de 8\"><figure class=\"swiper-slide-inner\"><img decoding=\"async\" class=\"swiper-slide-image\" src=\"https:\/\/gnbvallarta.com\/tours\/wp-content\/uploads\/2023\/09\/AAQ-50-2048x1365.jpg\" alt=\"AAQ (50)\" \/><\/figure><\/div>\t\t\t<\/div>\n\t\t\t\t\t\t\t\t\t\t\t\t<div class=\"elementor-swiper-button elementor-swiper-button-prev\" role=\"button\" tabindex=\"0\">\n\t\t\t\t\t\t<i aria-hidden=\"true\" class=\"eicon-chevron-left\"><\/i>\t\t\t\t\t<\/div>\n\t\t\t\t\t<div class=\"elementor-swiper-button elementor-swiper-button-next\" role=\"button\" tabindex=\"0\">\n\t\t\t\t\t\t<i aria-hidden=\"true\" class=\"eicon-chevron-right\"><\/i>\t\t\t\t\t<\/div>\n\t\t\t\t\n\t\t\t\t\t\t\t\t\t<div class=\"swiper-pagination\"><\/div>\n\t\t\t\t\t\t\t\t\t<\/div>\n\t\t\t\t\t\t<\/div>\n\t\t\t\t<\/div>\n\t\t\t\t<div class=\"elementor-element elementor-element-66a54e8 eael-pricing-content-align-center eael-pricing-button-align-center elementor-widget elementor-widget-eael-pricing-table\" data-id=\"66a54e8\" data-element_type=\"widget\" data-widget_type=\"eael-pricing-table.default\">\n\t\t\t\t<div class=\"elementor-widget-container\">\n\t\t\t\t\t                    <div class=\"eael-pricing style-1\" >\n                <div class=\"eael-pricing-item featured ribbon-1\">\n                    <div class=\"header\">\n                        <h2 class=\"title\">Tour de ballenas matutino (9:00 a.m. a 1:00 p.m.)<\/h2>\n                    <\/div>\n                    <div class=\"eael-pricing-tag\">\n                        <span class=\"price-tag\"><span class=\"original-price\"><span class=\"price-currency\">$<\/span>1,400<\/span><\/span><span class=\"price-period\">\/persona (precio sugerido)<\/span>                    <\/div>\n                    <div class=\"body\">\n                                <ul>\n                            <li class=\"elementor-repeater-item-b3822b2\">\n                    \n                                <span class=\"li-icon\">\n                <i aria-hidden=\"true\" class=\"fas fa-check\"><\/i>            <\/span>\n\n        \n                    <span >Desayuno <\/span>\n                    \n                     \n                <\/li>\n                            <li class=\"elementor-repeater-item-e3172c0\">\n                    \n                                <span class=\"li-icon\">\n                <i aria-hidden=\"true\" class=\"fas fa-check\"><\/i>            <\/span>\n\n        \n                    <span >Bebidas inclu\u00eddas<\/span>\n                    \n                     \n                <\/li>\n                            <li class=\"elementor-repeater-item-74a738a\">\n                    \n                                <span class=\"li-icon\">\n                <i aria-hidden=\"true\" class=\"fas fa-check\"><\/i>            <\/span>\n\n        \n                    <span >Gu\u00eda certificado<\/span>\n                    \n                     \n                <\/li>\n                            <li class=\"elementor-repeater-item-fdc13ad\">\n                    \n                                <span class=\"li-icon\">\n                <i aria-hidden=\"true\" class=\"fas fa-check\"><\/i>            <\/span>\n\n        \n                    <span >Hidr\u00f3fono<\/span>\n                    \n                     \n                <\/li>\n                    <\/ul>\n                        <\/div>\n\t                                    <div class=\"footer\">\n                        <a class=\"eael-pricing-button\" href=\"https:\/\/gnbvallarta.com\/tours\/producto\/avistamiento-de-ballenas\/\" >\n                                                                                            Reservar aqu\u00ed                                                    <\/a>\n                    <\/div>\n                                    <\/div>\n            <\/div>\n                    \t\t\t\t<\/div>\n\t\t\t\t<\/div>\n\t\t\t\t<div class=\"elementor-element elementor-element-af5fc83 eael-pricing-content-align-center eael-pricing-button-align-center elementor-widget elementor-widget-eael-pricing-table\" data-id=\"af5fc83\" data-element_type=\"widget\" data-widget_type=\"eael-pricing-table.default\">\n\t\t\t\t<div class=\"elementor-widget-container\">\n\t\t\t\t\t                    <div class=\"eael-pricing style-1\" >\n                <div class=\"eael-pricing-item featured ribbon-3\">\n                    <div class=\"header\">\n                        <h2 class=\"title\">Tour de ballenas vespertino (1:00 p.m. a 5:00 p.m.)<\/h2>\n                    <\/div>\n                    <div class=\"eael-pricing-tag\">\n                        <span class=\"price-tag\"><span class=\"original-price\"><span class=\"price-currency\">$<\/span>1,400<\/span><\/span><span class=\"price-period\">\/persona (precio sugerido)<\/span>                    <\/div>\n                    <div class=\"body\">\n                                <ul>\n                            <li class=\"elementor-repeater-item-b3822b2\">\n                    \n                                <span class=\"li-icon\">\n                <i aria-hidden=\"true\" class=\"fas fa-check\"><\/i>            <\/span>\n\n        \n                    <span >Comida<\/span>\n                    \n                     \n                <\/li>\n                            <li class=\"elementor-repeater-item-e3172c0\">\n                    \n                                <span class=\"li-icon\">\n                <i aria-hidden=\"true\" class=\"fas fa-check\"><\/i>            <\/span>\n\n        \n                    <span >Bebidas inclu\u00eddas<\/span>\n                    \n                     \n                <\/li>\n                            <li class=\"elementor-repeater-item-74a738a\">\n                    \n                                <span class=\"li-icon\">\n                <i aria-hidden=\"true\" class=\"fas fa-check\"><\/i>            <\/span>\n\n        \n                    <span >Gu\u00eda certificado<\/span>\n                    \n                     \n                <\/li>\n                            <li class=\"elementor-repeater-item-fdc13ad\">\n                    \n                                <span class=\"li-icon\">\n                <i aria-hidden=\"true\" class=\"fas fa-check\"><\/i>            <\/span>\n\n        \n                    <span >Hidr\u00f3fono<\/span>\n                    \n                     \n                <\/li>\n                    <\/ul>\n                        <\/div>\n\t                                    <div class=\"footer\">\n                        <a class=\"eael-pricing-button\" href=\"https:\/\/gnbvallarta.com\/tours\/producto\/avistamiento-de-ballenas-vespertino\/\" >\n                                                                                            Reservar aqu\u00ed                                                    <\/a>\n                    <\/div>\n                                    <\/div>\n            <\/div>\n                    \t\t\t\t<\/div>\n\t\t\t\t<\/div>\n\t\t\t\t<div class=\"elementor-element elementor-element-6831e18 elementor-widget elementor-widget-text-editor\" data-id=\"6831e18\" data-element_type=\"widget\" data-widget_type=\"text-editor.default\">\n\t\t\t\t<div class=\"elementor-widget-container\">\n\t\t\t\t\t\t\t\t\t<p><span style=\"color: #093094;\">Preguntas frecuentes<\/span><\/p>\t\t\t\t\t\t\t\t<\/div>\n\t\t\t\t<\/div>\n\t\t\t\t<div class=\"elementor-element elementor-element-6e66f4a elementor-widget elementor-widget-text-editor\" data-id=\"6e66f4a\" data-element_type=\"widget\" data-widget_type=\"text-editor.default\">\n\t\t\t\t<div class=\"elementor-widget-container\">\n\t\t\t\t\t\t\t\t\t<div><span style=\"color: #333399;\"><strong>\u00bfCu\u00e1ndo es la temporada de avistamiento de ballenas en Puerto Vallarta?<\/strong><\/span><\/div>\n<div>Las fechas donde inicia su periodo de estancia es&nbsp; noviembre, la fecha oficial para la temporada de avistamiento, siempre comienza en las primeras semanas de diciembre.&nbsp; El avistamiento de ballenas en Puerto Vallarta se cierra oficialmente en marzo.<\/div>\n<div><strong><span style=\"color: #333399;\">\u00bfPueden garantizar el avistamiento?&nbsp;<\/span><\/strong><\/div>\n<div>Desafortunadamente no podemos garantizar el avistamiento, ya que es un show donde las ballenas deciden cu\u00e1ndo salir, pero tenemos una probabilidad del 90% de encotrar un ejemplar en cada recorrido que hacemos.<\/div>\n<div><strong><span style=\"color: #333399;\">\u00bfCu\u00e1l especie es la que vamos a ver?<\/span><\/strong><\/div>\n<div>Aunque podr\u00edan haber m\u00e1s especies de ballenas e incluso orcas, el ejemplar m\u00e1s que mas se puede observar es la ballena jorobada. Estas ballenas&nbsp;<strong>son sociables y tienen un canto muy potente<\/strong> en comparaci\u00f3n con otras especies, son las \u00fanicas ballenas que producen una verdadera canci\u00f3n.<br><br><\/div>\n<div>&nbsp;<\/div>\n<div>&nbsp;<\/div>\t\t\t\t\t\t\t\t<\/div>\n\t\t\t\t<\/div>\n\t\t\t\t\t<\/div>\n\t\t<\/div>\n\t\t\t\t\t<\/div>\n\t\t<\/section>\n\t\t\t\t<\/div>\n\t\t","protected":false},"excerpt":{"rendered":"<p>Vive una experiencia \u00fanica con un avistamiento de ballenas Si buscas en d\u00f3nde ver a estos hermosos ejemplares, Puerto Vallarta es el destino perfecto enTour Details<\/p>\n","protected":false},"author":2,"featured_media":5035,"parent":0,"menu_order":0,"comment_status":"closed","ping_status":"closed","template":"","meta":{"footnotes":""},"class_list":["post-5033","page","type-page","status-publish","has-post-thumbnail","hentry"],"_links":{"self":[{"href":"https:\/\/gnbvallarta.com\/tours\/wp-json\/wp\/v2\/pages\/5033","targetHints":{"allow":["GET"]}}],"collection":[{"href":"https:\/\/gnbvallarta.com\/tours\/wp-json\/wp\/v2\/pages"}],"about":[{"href":"https:\/\/gnbvallarta.com\/tours\/wp-json\/wp\/v2\/types\/page"}],"author":[{"embeddable":true,"href":"https:\/\/gnbvallarta.com\/tours\/wp-json\/wp\/v2\/users\/2"}],"replies":[{"embeddable":true,"href":"https:\/\/gnbvallarta.com\/tours\/wp-json\/wp\/v2\/comments?post=5033"}],"version-history":[{"count":82,"href":"https:\/\/gnbvallarta.com\/tours\/wp-json\/wp\/v2\/pages\/5033\/revisions"}],"predecessor-version":[{"id":5718,"href":"https:\/\/gnbvallarta.com\/tours\/wp-json\/wp\/v2\/pages\/5033\/revisions\/5718"}],"wp:featuredmedia":[{"embeddable":true,"href":"https:\/\/gnbvallarta.com\/tours\/wp-json\/wp\/v2\/media\/5035"}],"wp:attachment":[{"href":"https:\/\/gnbvallarta.com\/tours\/wp-json\/wp\/v2\/media?parent=5033"}],"curies":[{"name":"wp","href":"https:\/\/api.w.org\/{rel}","templated":true}]}}