{"id":588,"date":"2023-01-09T23:37:25","date_gmt":"2023-01-10T05:37:25","guid":{"rendered":"https:\/\/gnbvallarta.com\/tours\/?post_type=product&#038;p=588"},"modified":"2024-01-26T13:54:44","modified_gmt":"2024-01-26T19:54:44","slug":"neon-party","status":"publish","type":"product","link":"https:\/\/gnbvallarta.com\/tours\/producto\/neon-party\/","title":{"rendered":"Tour Ne\u00f3n Party"},"content":{"rendered":"\t\t<div data-elementor-type=\"wp-post\" data-elementor-id=\"588\" class=\"elementor elementor-588\">\n\t\t\t\t\t\t<section class=\"elementor-section elementor-top-section elementor-element elementor-element-1781521 elementor-section-boxed elementor-section-height-default elementor-section-height-default\" data-id=\"1781521\" data-element_type=\"section\">\n\t\t\t\t\t\t<div class=\"elementor-container elementor-column-gap-default\">\n\t\t\t\t\t<div class=\"elementor-column elementor-col-50 elementor-top-column elementor-element elementor-element-be77931\" data-id=\"be77931\" data-element_type=\"column\" data-settings=\"{&quot;background_background&quot;:&quot;classic&quot;}\">\n\t\t\t<div class=\"elementor-widget-wrap elementor-element-populated\">\n\t\t\t\t\t\t<div class=\"elementor-element elementor-element-a007f24 elementor-widget elementor-widget-heading\" data-id=\"a007f24\" data-element_type=\"widget\" data-widget_type=\"heading.default\">\n\t\t\t\t<div class=\"elementor-widget-container\">\n\t\t\t\t\t<h2 class=\"elementor-heading-title elementor-size-default\">Precios \/ Prices<\/h2>\t\t\t\t<\/div>\n\t\t\t\t<\/div>\n\t\t\t\t<div class=\"elementor-element elementor-element-911f38a elementor-widget elementor-widget-pp-price-menu\" data-id=\"911f38a\" data-element_type=\"widget\" data-widget_type=\"pp-price-menu.default\">\n\t\t\t\t<div class=\"elementor-widget-container\">\n\t\t\t\t\t\t\t<div class=\"pp-restaurant-menu pp-restaurant-menu-style-2\">\n\t\t\t<div class=\"pp-restaurant-menu-items\">\n\t\t\t\t\t\t\t\t\t\t\t\t\t\t<div class=\"pp-restaurant-menu-item-wrap\">\n\t\t\t\t\t\t<div class=\"pp-restaurant-menu-item\">\n\t\t\t\t\t\t\t\n\t\t\t\t\t\t\t<div class=\"pp-restaurant-menu-content\">\n\t\t\t\t\t\t\t\t<div class=\"pp-restaurant-menu-header\">\n\t\t\t\t\t\t\t\t\t\t\t\t\t\t\t\t\t\t\t<h4 class=\"pp-restaurant-menu-title\">\n\t\t\t\t\t\t\t\t\t\t\t\t\t\t\t\t\t\t\t\t\t\t\t<span class=\"pp-restaurant-menu-title-text\">\n\t\t\t\t\t\t\t\t\t\t\t\t\tAdultos \/ Adults\t\t\t\t\t\t\t\t\t\t\t\t<\/span>\n\t\t\t\t\t\t\t\t\t\t\t\t\t\t\t\t\t\t\t\t\t\t<\/h4>\n\t\t\t\t\t\t\t\t\t\t\t\t\t\t\t\t\t\t<\/div>\n\n\t\t\t\t\t\t\t\t\n\t\t\t\t\t\t\t\t\n\t\t\t\t\t\t\t\t\t\t\t\t\t\t\t\t\t\t\t\t\t\t\t\t\t\t\t<span class=\"pp-restaurant-menu-price\">\n\t\t\t\t\t\t\t\t\t\t\t\t\t\t\t\t\t\t\t\t\t\t<span class=\"pp-restaurant-menu-price-discount\">\n\t\t\t\t\t\t\t\t\t\t\t\t$ 650\t\t\t\t\t\t\t\t\t\t\t<\/span>\n\t\t\t\t\t\t\t\t\t\t<\/span>\n\t\t\t\t\t\t\t\t\t\t\t\t\t\t\t\t\t\t\t\t\t\t\t\t<\/div>\n\t\t\t\t\t\t<\/div>\n\t\t\t\t\t<\/div>\n\t\t\t\t\t\t\t\t<\/div>\n\t\t<\/div>\n\t\t\t\t\t\t<\/div>\n\t\t\t\t<\/div>\n\t\t\t\t\t<\/div>\n\t\t<\/div>\n\t\t\t\t<div class=\"elementor-column elementor-col-50 elementor-top-column elementor-element elementor-element-cb78d73\" data-id=\"cb78d73\" data-element_type=\"column\">\n\t\t\t<div class=\"elementor-widget-wrap elementor-element-populated\">\n\t\t\t\t\t\t<div class=\"elementor-element elementor-element-62da2f2 elementor-widget elementor-widget-text-editor\" data-id=\"62da2f2\" data-element_type=\"widget\" data-widget_type=\"text-editor.default\">\n\t\t\t\t<div class=\"elementor-widget-container\">\n\t\t\t\t\t\t\t\t\t<h6 style=\"text-align: center;\"><span style=\"color: #ffffff;\"><strong>\u00a1Disfruta de una incre\u00edble fiesta en barco por la bah\u00eda en Puerto Vallarta!<\/strong><\/span><\/h6><h6 style=\"text-align: center;\"><span style=\"color: #ffffff;\">Grupo Naviero de la Bah\u00eda te invita a unirte a una inigualable fiesta nocturna en un recorrido por la bah\u00eda a bordo de nuestro prestigiado catamar\u00e1n Bah\u00eda Alegre. Disfruta de m\u00fasica DJ, barra libre durante todo el recorrido, botana seca y un divertido ambiente, \u00a1disfruta de la hermosa vista al malec\u00f3n y los fuegos artificiales desde el mar!<\/span><\/h6><h6 style=\"text-align: center;\"><span style=\"color: #ffffff;\"><strong>Enjoy an incredible boat party on the bay in Puerto Vallarta!<\/strong><\/span><\/h6><h6 style=\"text-align: center;\"><span style=\"color: #ffffff;\">Grupo Naviero de la Bahia invites you to join an unparalleled night party on a tour of the bay aboard our prestigious catamaran Bahia Alegre. Enjoy DJ music, open bar during the whole tour, dry snacks and a fun atmosphere, enjoy the beautiful view of the boardwalk and the fireworks from the sea!<\/span><\/h6><h6 style=\"text-align: center;\"><span style=\"color: #ffffff;\">\u00a0<\/span><\/h6>\t\t\t\t\t\t\t\t<\/div>\n\t\t\t\t<\/div>\n\t\t\t\t\t<\/div>\n\t\t<\/div>\n\t\t\t\t\t<\/div>\n\t\t<\/section>\n\t\t\t\t<\/div>\n\t\t","protected":false},"excerpt":{"rendered":"<p>Precios \/ Prices Adultos \/ Adults $ 650 \u00a1Disfruta de una incre\u00edble fiesta en barco por la bah\u00eda en Puerto Vallarta! Grupo Naviero de laTour Details<\/p>\n","protected":false},"featured_media":2892,"comment_status":"closed","ping_status":"closed","template":"","meta":[],"product_brand":[],"product_cat":[127],"product_tag":[],"class_list":{"0":"post-588","1":"product","2":"type-product","3":"status-publish","4":"has-post-thumbnail","6":"product_cat-neon-party-es","8":"first","9":"instock","10":"featured","11":"virtual","12":"sold-individually","13":"purchasable","14":"product-type-booking"},"_links":{"self":[{"href":"https:\/\/gnbvallarta.com\/tours\/wp-json\/wp\/v2\/product\/588","targetHints":{"allow":["GET"]}}],"collection":[{"href":"https:\/\/gnbvallarta.com\/tours\/wp-json\/wp\/v2\/product"}],"about":[{"href":"https:\/\/gnbvallarta.com\/tours\/wp-json\/wp\/v2\/types\/product"}],"replies":[{"embeddable":true,"href":"https:\/\/gnbvallarta.com\/tours\/wp-json\/wp\/v2\/comments?post=588"}],"version-history":[{"count":24,"href":"https:\/\/gnbvallarta.com\/tours\/wp-json\/wp\/v2\/product\/588\/revisions"}],"predecessor-version":[{"id":5236,"href":"https:\/\/gnbvallarta.com\/tours\/wp-json\/wp\/v2\/product\/588\/revisions\/5236"}],"wp:featuredmedia":[{"embeddable":true,"href":"https:\/\/gnbvallarta.com\/tours\/wp-json\/wp\/v2\/media\/2892"}],"wp:attachment":[{"href":"https:\/\/gnbvallarta.com\/tours\/wp-json\/wp\/v2\/media?parent=588"}],"wp:term":[{"taxonomy":"product_brand","embeddable":true,"href":"https:\/\/gnbvallarta.com\/tours\/wp-json\/wp\/v2\/product_brand?post=588"},{"taxonomy":"product_cat","embeddable":true,"href":"https:\/\/gnbvallarta.com\/tours\/wp-json\/wp\/v2\/product_cat?post=588"},{"taxonomy":"product_tag","embeddable":true,"href":"https:\/\/gnbvallarta.com\/tours\/wp-json\/wp\/v2\/product_tag?post=588"}],"curies":[{"name":"wp","href":"https:\/\/api.w.org\/{rel}","templated":true}]}}